{"id":488,"date":"2021-11-19T12:28:07","date_gmt":"2021-11-19T12:28:07","guid":{"rendered":"https:\/\/www.segelschule-wannsee.de\/?page_id=488"},"modified":"2026-04-19T17:37:33","modified_gmt":"2026-04-19T17:37:33","slug":"kurstermine","status":"publish","type":"page","link":"https:\/\/www.segelschule-wannsee.de\/?page_id=488","title":{"rendered":"Kurstermine"},"content":{"rendered":"\n<p style=\"font-size:30px\">Kurstermine<\/p>\n\n\n\n<p><\/p>\n\n\n\n<p style=\"font-size:24px\">Hiermit geben wir Ihnen eine \u00dcbersicht unserer Kurstermine.                                                                                       Zum Anmelden k\u00f6nnen Sie auf das Datum klicken. Wenn Sie auf den Button &#8222;1. Abend&#8220; bzw. &#8222;Wochenendkurs&#8220; klicken bekommen Sie eine \u00dcbersicht an welchen Tagen und zu welchen Uhrzeiten der theoretische Unterricht  stattfindet.                                                                                                             Es kann vorkommen das die Kurstermine aus organisatorischen Gr\u00fcnden sich ein klein wenig ver\u00e4ndern. Wir werden Sie aber dar\u00fcber fr\u00fchzeitig Informieren. <\/p>\n\n\n\n<p style=\"font-size:24px\">Hier unsere <a href=\"https:\/\/www.segelschule-wannsee.de\/?p=1405\">AGB <\/a><\/p>\n\n\n\n<h3 class=\"wp-block-heading\"><strong>Sportbootf\u00fchrerschein Binnen Segeln<\/strong><\/h3>\n\n\n\n<h4 class=\"wp-block-heading\">Kurs IV Donnerstag, den 21. Mai 2026 um 19 Uhr <a href=\"https:\/\/www.segelschule-wannsee.de\/?p=930\">1. Abend<\/a> <a href=\"https:\/\/www.segelschule-wannsee.de\/?p=2564\">Anmeldung<\/a><\/h4>\n\n\n\n<h4 class=\"wp-block-heading\">Kurs VI Freitag, den 10. Juli 2026 16 Uhr Wochenendkurs <a href=\"https:\/\/www.segelschule-wannsee.de\/?p=2564\">Anmeldung<\/a><\/h4>\n\n\n\n<h4 class=\"wp-block-heading\">Kurs VII Freitag, den 10. Juli 2026 16 Uhr <a href=\"https:\/\/www.segelschule-wannsee.de\/?p=2203\">Sommerferienkurs<\/a> <a href=\"https:\/\/www.segelschule-wannsee.de\/?p=2564\">Anmeldung<\/a><\/h4>\n\n\n\n<h3 class=\"wp-block-heading\"><strong>Sportbootf\u00fchrerschein Binnen Motorboot<\/strong><\/h3>\n\n\n\n<h4 class=\"wp-block-heading\">Kurs IV Samstag, den 18. April 2026 1430 Uhr Wochenendkurs <a href=\"https:\/\/www.segelschule-wannsee.de\/?p=2564\">Anmeldung<\/a><\/h4>\n\n\n\n<h4 class=\"wp-block-heading\">Kurs V Freitag, den 27. M\u00e4rz 2026 18 Uhr <a href=\"https:\/\/www.segelschule-wannsee.de\/?p=2100\">Wochenendkurs<\/a> <a href=\"https:\/\/www.segelschule-wannsee.de\/?p=2564\">Anmeldung<\/a><\/h4>\n\n\n\n<h4 class=\"wp-block-heading\">Kurs VI Freitag, den 10. Juli 2026 16 Uhr Wochenendkurs <a href=\"https:\/\/www.segelschule-wannsee.de\/?p=2564\">Anmeldung<\/a><\/h4>\n\n\n\n<h4 class=\"wp-block-heading\"><\/h4>\n\n\n\n<h3 class=\"wp-block-heading\"><strong>Sportbootf\u00fchrerschein See<\/strong><\/h3>\n\n\n\n<h4 class=\"wp-block-heading\">Kurs IV Freitag, den 17. April 2026 1730 Uhr <a href=\"https:\/\/www.segelschule-wannsee.de\/?p=2047\">Wochenendkurs<\/a> <a href=\"https:\/\/www.segelschule-wannsee.de\/?p=2564\">Anmeldung<\/a><\/h4>\n\n\n\n<h4 class=\"wp-block-heading\">Kurs V Freitag, den 22. Mai 2026 1730 Uhr&nbsp;Wochenendkurs&nbsp;<a href=\"https:\/\/www.segelschule-wannsee.de\/?page_id=192\">Anfrage<\/a><\/h4>\n\n\n\n<h3 class=\"wp-block-heading\"><strong>Sportbootf\u00fchrerschein See\/Binnen <\/strong>Motorboot Kombikurs<\/h3>\n\n\n\n<h4 class=\"wp-block-heading\">Kurs III Freitag, den 13. M\u00e4rz 2026 1730 Uhr <a href=\"https:\/\/www.segelschule-wannsee.de\/?p=1813\">Wochenendkurs<\/a> <a href=\"https:\/\/www.segelschule-wannsee.de\/?p=2564\"><mark style=\"background-color:rgba(0, 0, 0, 0);color:#eb2020\" class=\"has-inline-color\"><\/mark><\/a><a href=\"https:\/\/www.segelschule-wannsee.de\/?p=2564\">Anmeldung<\/a><\/h4>\n\n\n\n<h4 class=\"wp-block-heading\">Kurs IV Freitag, den 17. April 2026 1730 Uhr&nbsp;<a href=\"https:\/\/www.segelschule-wannsee.de\/?p=1813\">Wochenendkurs&nbsp;<\/a><a href=\"https:\/\/www.segelschule-wannsee.de\/?p=2564\">Anmeldung<\/a><\/h4>\n\n\n\n<h4 class=\"wp-block-heading\">Kurs V Freitag, den 22. Mai 2026 1730 Uhr&nbsp;<a href=\"https:\/\/www.segelschule-wannsee.de\/?p=2093\">Wochenendkurs<\/a>&nbsp;<a href=\"https:\/\/www.segelschule-wannsee.de\/?page_id=192\">Anfrage<\/a><\/h4>\n\n\n\n<h3 class=\"wp-block-heading\"><strong>Sportbootf\u00fchrerschein See\/Binnen <\/strong>Segeln und Motorboot Kombikurs<\/h3>\n\n\n\n<h4 class=\"wp-block-heading\">Kurs III Freitag, den 13. M\u00e4rz 2026 1730 Uhr <a href=\"https:\/\/www.segelschule-wannsee.de\/?p=2022\">Wochenendkurs<\/a> <a href=\"https:\/\/www.segelschule-wannsee.de\/?p=2564\"><mark style=\"background-color:rgba(0, 0, 0, 0);color:#eb2020\" class=\"has-inline-color\"><\/mark><\/a><a href=\"https:\/\/www.segelschule-wannsee.de\/?p=2564\">Anmeldung<\/a><\/h4>\n\n\n\n<h4 class=\"wp-block-heading\">Kurs VI Freitag, den 16. April 2026 1915 Uhr <a href=\"https:\/\/www.segelschule-wannsee.de\/?p=3952\">Wochenendkurs<\/a> <a href=\"https:\/\/www.segelschule-wannsee.de\/?p=2564\">Anmeldung<\/a><\/h4>\n\n\n\n<h4 class=\"wp-block-heading\">Kurs VII Freitag, den 21. Mai 2026 19 Uhr&nbsp;<a href=\"https:\/\/www.segelschule-wannsee.de\/?p=2093\">Wochenendkurs<\/a>&nbsp;<a href=\"https:\/\/www.segelschule-wannsee.de\/?page_id=192\">Anfrage<\/a><\/h4>\n\n\n\n<h4 class=\"wp-block-heading\"> <strong>Sportk\u00fcstenschifferschein <\/strong>Theoriekurs <\/h4>\n\n\n\n<div class=\"wp-block-group\"><div class=\"wp-block-group__inner-container is-layout-flow wp-block-group-is-layout-flow\">\n<div class=\"wp-block-buttons is-layout-flex wp-block-buttons-is-layout-flex\">\n<div class=\"wp-block-button\"><a class=\"wp-block-button__link wp-element-button\">Kurs I Donnerstag, den 22. Januar 2026 19 Uhr Anfrage<\/a><\/div>\n<\/div>\n<\/div><\/div>\n\n\n\n<h3 class=\"wp-block-heading\"><strong>Funkkurs SRC\/UBI<\/strong><\/h3>\n\n\n\n<div class=\"wp-block-buttons is-layout-flex wp-block-buttons-is-layout-flex\">\n<div class=\"wp-block-button\"><a class=\"wp-block-button__link wp-element-button\">Funkkurs I Samstag, den 14. Februar 2026 10 Uhr<\/a><\/div>\n\n\n\n<div class=\"wp-block-button\"><a class=\"wp-block-button__link wp-element-button\">ausgebucht<\/a><\/div>\n<\/div>\n\n\n\n<div class=\"wp-block-buttons is-layout-flex wp-block-buttons-is-layout-flex\">\n<div class=\"wp-block-button\"><a class=\"wp-block-button__link wp-element-button\" href=\"https:\/\/www.segelschule-wannsee.de\/?p=2314\">Funkkurs II Samstag, den 28. M\u00e4rz 2026 17 Uhr<\/a><\/div>\n\n\n\n<div class=\"wp-block-button\"><a class=\"wp-block-button__link wp-element-button\" href=\"https:\/\/www.segelschule-wannsee.de\/?p=3712\">Anmeldung<\/a><\/div>\n<\/div>\n\n\n\n<h3 class=\"wp-block-heading\"><strong>Kindersegelkurse<\/strong><\/h3>\n\n\n\n<div class=\"wp-block-buttons is-layout-flex wp-block-buttons-is-layout-flex\">\n<div class=\"wp-block-button\"><a class=\"wp-block-button__link wp-element-button\">Kurs 1<\/a><\/div>\n\n\n\n<div class=\"wp-block-button\"><a class=\"wp-block-button__link wp-element-button\" href=\"https:\/\/www.segelschule-wannsee.de\/?p=3251\">Donnerstag, den 09. Juli 10 Uhr<\/a><\/div>\n\n\n\n<div class=\"wp-block-button\"><a class=\"wp-block-button__link wp-element-button\" href=\"https:\/\/www.segelschule-wannsee.de\/?p=2823\">Anmeldung<\/a><\/div>\n<\/div>\n\n\n\n<div class=\"wp-block-buttons is-layout-flex wp-block-buttons-is-layout-flex\">\n<div class=\"wp-block-button\"><a class=\"wp-block-button__link wp-element-button\">Kurs 2<\/a><\/div>\n\n\n\n<div class=\"wp-block-button\"><a class=\"wp-block-button__link wp-element-button\" href=\"https:\/\/www.segelschule-wannsee.de\/?p=2868\">Montag, den 13. Juli 10 Uhr<\/a><\/div>\n\n\n\n<div class=\"wp-block-button\"><a class=\"wp-block-button__link wp-element-button\" href=\"https:\/\/www.segelschule-wannsee.de\/?p=2845\">Anmeldung<\/a><\/div>\n<\/div>\n\n\n\n<div class=\"wp-block-buttons is-layout-flex wp-block-buttons-is-layout-flex\">\n<div class=\"wp-block-button\"><a class=\"wp-block-button__link wp-element-button\">Kurs 3<\/a><\/div>\n\n\n\n<div class=\"wp-block-button\"><a class=\"wp-block-button__link wp-element-button\" href=\"https:\/\/www.segelschule-wannsee.de\/?p=2868\">Montag, den 20. Juli 10 Uhr<\/a><\/div>\n\n\n\n<div class=\"wp-block-button\"><a class=\"wp-block-button__link wp-element-button\" href=\"https:\/\/www.segelschule-wannsee.de\/?p=2831\">Anmeldung<\/a><\/div>\n<\/div>\n\n\n\n<div class=\"wp-block-buttons is-layout-flex wp-block-buttons-is-layout-flex\">\n<div class=\"wp-block-button\"><a class=\"wp-block-button__link wp-element-button\">Kurs 4<\/a><\/div>\n\n\n\n<div class=\"wp-block-button\"><a class=\"wp-block-button__link wp-element-button\" href=\"https:\/\/www.segelschule-wannsee.de\/?p=2868\">Montag, den 27. Juli 10 Uhr<\/a><\/div>\n\n\n\n<div class=\"wp-block-button\"><a class=\"wp-block-button__link wp-element-button\" href=\"https:\/\/www.segelschule-wannsee.de\/?p=2809\">Anmeldung<\/a><\/div>\n<\/div>\n\n\n\n<div class=\"wp-block-buttons is-layout-flex wp-block-buttons-is-layout-flex\">\n<div class=\"wp-block-button\"><a class=\"wp-block-button__link wp-element-button\">Kurs 5<\/a><\/div>\n\n\n\n<div class=\"wp-block-button\"><a class=\"wp-block-button__link wp-element-button\" href=\"https:\/\/www.segelschule-wannsee.de\/?p=2868\">Montag, den 03. August 10 Uhr<\/a><\/div>\n\n\n\n<div class=\"wp-block-button\"><a class=\"wp-block-button__link wp-element-button\" href=\"https:\/\/www.segelschule-wannsee.de\/?p=2839&amp;preview=true\">Anmeldung<\/a><\/div>\n<\/div>\n\n\n\n<div class=\"wp-block-buttons is-layout-flex wp-block-buttons-is-layout-flex\">\n<div class=\"wp-block-button\"><a class=\"wp-block-button__link wp-element-button\">Kurs 7<\/a><\/div>\n\n\n\n<div class=\"wp-block-button\"><a class=\"wp-block-button__link wp-element-button\" href=\"https:\/\/www.segelschule-wannsee.de\/?p=2868\">Montag, den 17. August 10 Uhr<\/a><\/div>\n\n\n\n<div class=\"wp-block-button\"><a class=\"wp-block-button__link wp-element-button\" href=\"https:\/\/www.segelschule-wannsee.de\/?p=2852\">Anmeldung<\/a><\/div>\n<\/div>\n\n\n\n<h3 class=\"wp-block-heading\"><strong>Jugendsegelkurse<\/strong><\/h3>\n\n\n\n<div class=\"wp-block-buttons is-layout-flex wp-block-buttons-is-layout-flex\">\n<div class=\"wp-block-button\"><a class=\"wp-block-button__link wp-element-button\">Kurs 3<\/a><\/div>\n\n\n\n<div class=\"wp-block-button\"><a class=\"wp-block-button__link wp-element-button\" href=\"https:\/\/www.segelschule-wannsee.de\/?p=2262\">Montag, den 13. Juli 10 Uhr<\/a><\/div>\n\n\n\n<div class=\"wp-block-button\"><a class=\"wp-block-button__link wp-element-button\" href=\"https:\/\/www.segelschule-wannsee.de\/?p=2880\">Anmeldung<\/a><\/div>\n<\/div>\n\n\n\n<div class=\"wp-block-buttons is-layout-flex wp-block-buttons-is-layout-flex\">\n<div class=\"wp-block-button\"><a class=\"wp-block-button__link wp-element-button\">Kurs 4<\/a><\/div>\n\n\n\n<div class=\"wp-block-button\"><a class=\"wp-block-button__link wp-element-button\" href=\"https:\/\/www.segelschule-wannsee.de\/?p=2262\">Montag, den 20. Juli 10 Uhr<\/a><\/div>\n\n\n\n<div class=\"wp-block-button\"><a class=\"wp-block-button__link wp-element-button\" href=\"https:\/\/www.segelschule-wannsee.de\/?p=2873\">Anmeldung<\/a><\/div>\n<\/div>\n\n\n\n<div class=\"wp-block-buttons is-layout-flex wp-block-buttons-is-layout-flex\">\n<div class=\"wp-block-button\"><a class=\"wp-block-button__link wp-element-button\">Kurs 5<\/a><\/div>\n\n\n\n<div class=\"wp-block-button\"><a class=\"wp-block-button__link wp-element-button\" href=\"https:\/\/www.segelschule-wannsee.de\/?p=2262\">Montag, den 27. Juli 10 Uhr<\/a><\/div>\n\n\n\n<div class=\"wp-block-button\"><a class=\"wp-block-button__link wp-element-button\" href=\"https:\/\/www.segelschule-wannsee.de\/?p=2886\">Anmeldung<\/a><\/div>\n<\/div>\n\n\n\n<div class=\"wp-block-buttons is-layout-flex wp-block-buttons-is-layout-flex\">\n<div class=\"wp-block-button\"><a class=\"wp-block-button__link wp-element-button\">Kurs 6<\/a><\/div>\n\n\n\n<div class=\"wp-block-button\"><a class=\"wp-block-button__link wp-element-button\" href=\"https:\/\/www.segelschule-wannsee.de\/?p=2262\">Montag, den 03. August 10 Uhr<\/a><\/div>\n\n\n\n<div class=\"wp-block-button\"><a class=\"wp-block-button__link wp-element-button\" href=\"https:\/\/www.segelschule-wannsee.de\/?p=2897\">Anmeldung<\/a><\/div>\n<\/div>\n\n\n\n<div class=\"wp-block-buttons is-layout-flex wp-block-buttons-is-layout-flex\">\n<div class=\"wp-block-button\"><a class=\"wp-block-button__link wp-element-button\">Kurs 7<\/a><\/div>\n\n\n\n<div class=\"wp-block-button\"><a class=\"wp-block-button__link wp-element-button\" href=\"https:\/\/www.segelschule-wannsee.de\/?p=2262\">Montag, den 10. August 10 Uhr<\/a><\/div>\n\n\n\n<div class=\"wp-block-button\"><a class=\"wp-block-button__link wp-element-button\" href=\"https:\/\/www.segelschule-wannsee.de\/?p=3630\">Anmeldung<\/a><\/div>\n<\/div>\n\n\n\n<div class=\"wp-block-buttons is-layout-flex wp-block-buttons-is-layout-flex\">\n<div class=\"wp-block-button\"><a class=\"wp-block-button__link wp-element-button\">Kurs 8<\/a><\/div>\n\n\n\n<div class=\"wp-block-button\"><a class=\"wp-block-button__link wp-element-button\" href=\"https:\/\/www.segelschule-wannsee.de\/?p=2262\">Montag, den 17. August 10 Uhr<\/a><\/div>\n\n\n\n<div class=\"wp-block-button\"><a class=\"wp-block-button__link wp-element-button\" href=\"https:\/\/www.segelschule-wannsee.de\/?p=3639\">Anmeldung<\/a><\/div>\n<\/div>\n\n\n\n<p><\/p>\n","protected":false},"excerpt":{"rendered":"<p>Kurstermine Hiermit geben wir Ihnen eine \u00dcbersicht unserer Kurstermine. Zum Anmelden k\u00f6nnen Sie auf das Datum klicken. Wenn Sie auf den Button &#8222;1. Abend&#8220; bzw. &#8222;Wochenendkurs&#8220; klicken bekommen Sie eine \u00dcbersicht an welchen Tagen und zu welchen Uhrzeiten der theoretische Unterricht stattfindet. Es kann vorkommen das die Kurstermine aus organisatorischen Gr\u00fcnden sich ein klein wenig [&hellip;]<\/p>\n","protected":false},"author":3,"featured_media":0,"parent":0,"menu_order":4,"comment_status":"closed","ping_status":"closed","template":"","meta":{"footnotes":""},"class_list":["post-488","page","type-page","status-publish","hentry"],"_links":{"self":[{"href":"https:\/\/www.segelschule-wannsee.de\/index.php?rest_route=\/wp\/v2\/pages\/488","targetHints":{"allow":["GET"]}}],"collection":[{"href":"https:\/\/www.segelschule-wannsee.de\/index.php?rest_route=\/wp\/v2\/pages"}],"about":[{"href":"https:\/\/www.segelschule-wannsee.de\/index.php?rest_route=\/wp\/v2\/types\/page"}],"author":[{"embeddable":true,"href":"https:\/\/www.segelschule-wannsee.de\/index.php?rest_route=\/wp\/v2\/users\/3"}],"replies":[{"embeddable":true,"href":"https:\/\/www.segelschule-wannsee.de\/index.php?rest_route=%2Fwp%2Fv2%2Fcomments&post=488"}],"version-history":[{"count":0,"href":"https:\/\/www.segelschule-wannsee.de\/index.php?rest_route=\/wp\/v2\/pages\/488\/revisions"}],"wp:attachment":[{"href":"https:\/\/www.segelschule-wannsee.de\/index.php?rest_route=%2Fwp%2Fv2%2Fmedia&parent=488"}],"curies":[{"name":"wp","href":"https:\/\/api.w.org\/{rel}","templated":true}]}}