{"id":340,"date":"2021-11-15T23:55:26","date_gmt":"2021-11-15T23:55:26","guid":{"rendered":"https:\/\/www.segelschule-wannsee.de\/?page_id=340"},"modified":"2025-02-25T11:11:22","modified_gmt":"2025-02-25T11:11:22","slug":"kinder-und-jugendsegelkurs","status":"publish","type":"page","link":"https:\/\/www.segelschule-wannsee.de\/?page_id=340","title":{"rendered":"Kinder- &#038; Jugendsegelkurs"},"content":{"rendered":"\n<p><\/p>\n\n\n\n<p><strong>Kindersegeln auf Optimisten<\/strong><\/p>\n\n\n\n<div class=\"wp-block-columns is-layout-flex wp-container-core-columns-is-layout-9d6595d7 wp-block-columns-is-layout-flex\">\n<div class=\"wp-block-column is-layout-flow wp-block-column-is-layout-flow\" style=\"flex-basis:100%\">\n<div class=\"wp-block-media-text alignwide is-stacked-on-mobile is-vertically-aligned-top\"><figure class=\"wp-block-media-text__media\"><img loading=\"lazy\" decoding=\"async\" width=\"1024\" height=\"683\" src=\"https:\/\/www.segelschule-wannsee.de\/wp-content\/uploads\/2021\/11\/DSC00195-1024x683.jpg\" alt=\"\" class=\"wp-image-423 size-full\" srcset=\"https:\/\/www.segelschule-wannsee.de\/wp-content\/uploads\/2021\/11\/DSC00195-1024x683.jpg 1024w, https:\/\/www.segelschule-wannsee.de\/wp-content\/uploads\/2021\/11\/DSC00195-300x200.jpg 300w, https:\/\/www.segelschule-wannsee.de\/wp-content\/uploads\/2021\/11\/DSC00195-768x512.jpg 768w, https:\/\/www.segelschule-wannsee.de\/wp-content\/uploads\/2021\/11\/DSC00195-1536x1024.jpg 1536w, https:\/\/www.segelschule-wannsee.de\/wp-content\/uploads\/2021\/11\/DSC00195-2048x1365.jpg 2048w\" sizes=\"auto, (max-width: 1024px) 100vw, 1024px\" \/><\/figure><div class=\"wp-block-media-text__content\">\n<p style=\"font-size:18px\">Kinder haben Freude am Segeln, besonders wenn sie nach ein Tag schon selbstst\u00e4ndig in ihren kleinen Nussschalen auf dem Wasser unterwegs sein d\u00fcrfen. Grunds\u00e4tzlich gilt: Ab etwa 7 Jahren sind Kinder in der Lage, den Segelsport zu erlernen. In dem viert\u00e4gigen Kinder-Segelkurs am Wannsee werden die jungen Teilnehmer unter besonderer Betreuung an die Grundlagen des Segelsports herangef\u00fchrt. Und sie lernen auf spielerische Weise, sich mit dem Boot vertraut zu machen. <\/p>\n\n\n\n<p><\/p>\n<\/div><\/div>\n<\/div>\n<\/div>\n\n\n\n<p style=\"font-size:18px\"><strong>Der Optimist, ideal f\u00fcr Kinder<\/strong><\/p>\n\n\n\n<p style=\"font-size:18px\">Der Optimist ist das Standartausbildungsboot f\u00fcr Kinder. Dieses Boot ist so konstruiert, das Kinder das Segeln sicher und leicht erlernen. Generationen von Seglern und Olympiaseglern haben auf diesen Boot das Segeln erlernt. Auch wir.<\/p>\n\n\n\n<p style=\"font-size:18px\">Jollensegeln vermittelt Kindern ein intensives Naturerleben im Umgang mit Wind und Wellen. Das gemeinsame Arbeiten an den Booten und das sportliche Miteinander f\u00f6rdern Kameradschaft und Hilfsbereitschaft.<\/p>\n\n\n\n<p><strong>Kinderkurse<\/strong><\/p>\n\n\n\n<p>7-12 Jahre<\/p>\n\n\n\n<p>Kursdauer: 4 Tage mit je 4 Stunden Unterricht<br>(Pr\u00fcfung zum VDS Junior Segelschein m\u00f6glich)<\/p>\n\n\n\n<p>Jedes Kind erh\u00e4lt eine eigene Optimisten-Jolle!<\/p>\n\n\n\n<div class=\"wp-block-group\"><div class=\"wp-block-group__inner-container is-layout-flow wp-block-group-is-layout-flow\">\n<div class=\"wp-block-columns is-layout-flex wp-container-core-columns-is-layout-9d6595d7 wp-block-columns-is-layout-flex\">\n<div class=\"wp-block-column is-layout-flow wp-block-column-is-layout-flow\" style=\"flex-basis:100%\">\n<div class=\"wp-block-group alignwide\"><div class=\"wp-block-group__inner-container is-layout-flow wp-block-group-is-layout-flow\">\n<div class=\"wp-block-group alignwide\"><div class=\"wp-block-group__inner-container is-layout-flow wp-block-group-is-layout-flow\">\n<div class=\"wp-block-media-text alignwide is-stacked-on-mobile is-vertically-aligned-top\" style=\"grid-template-columns:43% auto\"><figure class=\"wp-block-media-text__media\"><a href=\"https:\/\/www.segelschule-wannsee.de\/?p=1652\"><img loading=\"lazy\" decoding=\"async\" width=\"576\" height=\"1024\" src=\"https:\/\/www.segelschule-wannsee.de\/wp-content\/uploads\/2021\/11\/20150812_120929-576x1024.jpg\" alt=\"\" class=\"wp-image-424 size-full\" srcset=\"https:\/\/www.segelschule-wannsee.de\/wp-content\/uploads\/2021\/11\/20150812_120929-576x1024.jpg 576w, https:\/\/www.segelschule-wannsee.de\/wp-content\/uploads\/2021\/11\/20150812_120929-169x300.jpg 169w, https:\/\/www.segelschule-wannsee.de\/wp-content\/uploads\/2021\/11\/20150812_120929-768x1365.jpg 768w, https:\/\/www.segelschule-wannsee.de\/wp-content\/uploads\/2021\/11\/20150812_120929-864x1536.jpg 864w, https:\/\/www.segelschule-wannsee.de\/wp-content\/uploads\/2021\/11\/20150812_120929-1152x2048.jpg 1152w, https:\/\/www.segelschule-wannsee.de\/wp-content\/uploads\/2021\/11\/20150812_120929-scaled.jpg 1440w\" sizes=\"auto, (max-width: 576px) 100vw, 576px\" \/><\/a><\/figure><div class=\"wp-block-media-text__content\">\n<p class=\"has-large-font-size\"><\/p>\n<\/div><\/div>\n<\/div><\/div>\n<\/div><\/div>\n<\/div>\n<\/div>\n<\/div><\/div>\n\n\n\n<p><strong>Jugendsegelkurs<\/strong><\/p>\n\n\n\n<p>F\u00fcr die gr\u00f6\u00dferen Kids ist die Optimistenjolle zu klein daher bieten wir hier Segelkurse auf gr\u00f6\u00dfere Jollen an.<\/p>\n\n\n\n<p>Unser Ziel ist es das die Jugendlichen, mit viel Spa\u00df, an das Segeln herangef\u00fchrt werden, mit dem Boot sich sicher fortbewegen k\u00f6nnen und dabei die Segelman\u00f6ver und die Ausweichregeln lernen. Der Segelkurs findet auf Segeljollen statt die f\u00fcr 4 Personen zugelassen sind und sehr kippstabil sind. Das Handwerkzeug eines angehenden Seglers, die Knoten, wird nat\u00fcrlich auch ge\u00fcbt.<\/p>\n\n\n\n<p>(Pr\u00fcfung zum VDS &#8211; Segelgrundschein m\u00f6glich)<\/p>\n\n\n\n<p><strong>Kursgeb\u00fchren<\/strong><\/p>\n\n\n\n<p style=\"font-size:18px\"><strong>KIDS 1<\/strong> <strong>Kindersegeln &#8211; Wochenkurs<\/strong>          <em>Mo.-Do. von 10 bis 14 Uhr<\/em>             <strong>225<\/strong> Euro<\/p>\n\n\n\n<p style=\"font-size:18px\"><strong>KIDS 2<\/strong> <strong>Kindersegeln &#8211; Wochenendkurs<\/strong>   <em>2x Sa.-So. von 10 bis 14 Uhr<\/em>           <strong>225<\/strong> Euro <\/p>\n\n\n\n<p style=\"font-size:18px\"><strong>KIDS 3 Jugendsegelkurs &#8211;<\/strong> <strong>Wochenkurs<\/strong> <em>Mo.-Do. von 10 bis 14 Uhr<\/em> <strong>225<\/strong> Euro<\/p>\n\n\n\n<h3 class=\"wp-block-heading\"><a href=\"https:\/\/www.segelschule-wannsee.de\/?page_id=488\">Kurstermine 2025<\/a> <\/h3>\n\n\n\n<h4 class=\"wp-block-heading\"><strong>Jugendsegelkurs <\/strong><a href=\"https:\/\/www.segelschule-wannsee.de\/?p=1588\"><strong>Osterferienkurs Montag, den 14. April 2025 10 Uhr <\/strong><\/a><a href=\"https:\/\/www.segelschule-wannsee.de\/?p=2860\">Anmeldung<\/a><\/h4>\n\n\n\n<p><\/p>\n\n\n\n<p style=\"font-size:22px\"><a href=\"https:\/\/www.sportbootschulen.de\/\">VDS &#8211; Mitglied im Verband Deutscher Sportbootschulen e.V.<\/a><\/p>\n\n\n\n<div class=\"wp-block-media-text alignwide is-stacked-on-mobile\" style=\"grid-template-columns:15% auto\"><figure class=\"wp-block-media-text__media\"><a href=\"https:\/\/www.sportbootschulen.de\/\"><img loading=\"lazy\" decoding=\"async\" width=\"86\" height=\"81\" src=\"https:\/\/www.segelschule-wannsee.de\/wp-content\/uploads\/2022\/01\/VDSBild1-2.png\" alt=\"\" class=\"wp-image-1213 size-full\"\/><\/a><\/figure><div class=\"wp-block-media-text__content\">\n<p><\/p>\n<\/div><\/div>\n\n\n\n<p><\/p>\n","protected":false},"excerpt":{"rendered":"<p>Kindersegeln auf Optimisten Kinder haben Freude am Segeln, besonders wenn sie nach ein Tag schon selbstst\u00e4ndig in ihren kleinen Nussschalen auf dem Wasser unterwegs sein d\u00fcrfen. Grunds\u00e4tzlich gilt: Ab etwa 7 Jahren sind Kinder in der Lage, den Segelsport zu erlernen. In dem viert\u00e4gigen Kinder-Segelkurs am Wannsee werden die jungen Teilnehmer unter besonderer Betreuung an [&hellip;]<\/p>\n","protected":false},"author":3,"featured_media":0,"parent":130,"menu_order":6,"comment_status":"closed","ping_status":"closed","template":"","meta":{"footnotes":""},"class_list":["post-340","page","type-page","status-publish","hentry"],"_links":{"self":[{"href":"https:\/\/www.segelschule-wannsee.de\/index.php?rest_route=\/wp\/v2\/pages\/340","targetHints":{"allow":["GET"]}}],"collection":[{"href":"https:\/\/www.segelschule-wannsee.de\/index.php?rest_route=\/wp\/v2\/pages"}],"about":[{"href":"https:\/\/www.segelschule-wannsee.de\/index.php?rest_route=\/wp\/v2\/types\/page"}],"author":[{"embeddable":true,"href":"https:\/\/www.segelschule-wannsee.de\/index.php?rest_route=\/wp\/v2\/users\/3"}],"replies":[{"embeddable":true,"href":"https:\/\/www.segelschule-wannsee.de\/index.php?rest_route=%2Fwp%2Fv2%2Fcomments&post=340"}],"version-history":[{"count":0,"href":"https:\/\/www.segelschule-wannsee.de\/index.php?rest_route=\/wp\/v2\/pages\/340\/revisions"}],"up":[{"embeddable":true,"href":"https:\/\/www.segelschule-wannsee.de\/index.php?rest_route=\/wp\/v2\/pages\/130"}],"wp:attachment":[{"href":"https:\/\/www.segelschule-wannsee.de\/index.php?rest_route=%2Fwp%2Fv2%2Fmedia&parent=340"}],"curies":[{"name":"wp","href":"https:\/\/api.w.org\/{rel}","templated":true}]}}