{"id":27,"date":"2021-10-19T07:26:40","date_gmt":"2021-10-19T07:26:40","guid":{"rendered":"https:\/\/www.segelschule-wannsee.de\/?page_id=27"},"modified":"2022-11-30T23:46:22","modified_gmt":"2022-11-30T23:46:22","slug":"impressum","status":"publish","type":"page","link":"https:\/\/www.segelschule-wannsee.de\/?page_id=27","title":{"rendered":"Impressum"},"content":{"rendered":"\n<p><strong>Impressum<\/strong><\/p>\n\n\n\n<figure class=\"wp-block-table is-style-regular\"><table><tbody><tr><td>www.<strong>Segelschule-Wannsee.de<\/strong><\/td><td>&nbsp;<\/td><\/tr><tr><td><strong>Verantwortlich im Sinne von \u00a7 6 MDStV:<\/strong><br><br>Dirk Rathke<br>Am Gro\u00dfen Wannsee 12 h<br>D-14109 Berlin<br><br>Tel: \u00a0030 \/ 81 48 77 56 oder 0179 \/ 724 85 69<br><br><br>E-Mail: info@segelschule-wannsee.de<br>Internet: <a href=\"http:\/\/www.segelschule-wannsee.de\/\">http:\/\/www.Segelschule-Wannsee.de<\/a><\/td><td><\/td><\/tr><tr><td><br>IBAN: DE20 1009 0000 3203 2940 17 <br>BIC: BEVODEBB<br><br>Umsatzsteuer-Identifikationsnummer gem\u00e4\u00df \u00a727 a Umsatzsteuergesetz: DE 814329850<\/td><\/tr><tr><td><br><strong>Haftungshinweis:<\/strong> Trotz sorgf\u00e4ltiger inhaltlicher Kontrolle \u00fcbernehmen wir keine Haftung f\u00fcr die Inhalte externer Links. F\u00fcr den Inhalt der verlinkten Seiten sind ausschlie\u00dflich deren Betreiber verantwortlich.<\/td><\/tr><\/tbody><\/table><\/figure>\n\n\n\n<p><\/p>\n","protected":false},"excerpt":{"rendered":"<p>Impressum www.Segelschule-Wannsee.de &nbsp; Verantwortlich im Sinne von \u00a7 6 MDStV: Dirk RathkeAm Gro\u00dfen Wannsee 12 hD-14109 Berlin Tel: \u00a0030 \/ 81 48 77 56 oder 0179 \/ 724 85 69 E-Mail: info@segelschule-wannsee.deInternet: http:\/\/www.Segelschule-Wannsee.de IBAN: DE20 1009 0000 3203 2940 17 BIC: BEVODEBB Umsatzsteuer-Identifikationsnummer gem\u00e4\u00df \u00a727 a Umsatzsteuergesetz: DE 814329850 Haftungshinweis: Trotz sorgf\u00e4ltiger inhaltlicher Kontrolle \u00fcbernehmen [&hellip;]<\/p>\n","protected":false},"author":1,"featured_media":0,"parent":0,"menu_order":8,"comment_status":"closed","ping_status":"closed","template":"","meta":{"footnotes":""},"class_list":["post-27","page","type-page","status-publish","hentry"],"_links":{"self":[{"href":"https:\/\/www.segelschule-wannsee.de\/index.php?rest_route=\/wp\/v2\/pages\/27","targetHints":{"allow":["GET"]}}],"collection":[{"href":"https:\/\/www.segelschule-wannsee.de\/index.php?rest_route=\/wp\/v2\/pages"}],"about":[{"href":"https:\/\/www.segelschule-wannsee.de\/index.php?rest_route=\/wp\/v2\/types\/page"}],"author":[{"embeddable":true,"href":"https:\/\/www.segelschule-wannsee.de\/index.php?rest_route=\/wp\/v2\/users\/1"}],"replies":[{"embeddable":true,"href":"https:\/\/www.segelschule-wannsee.de\/index.php?rest_route=%2Fwp%2Fv2%2Fcomments&post=27"}],"version-history":[{"count":0,"href":"https:\/\/www.segelschule-wannsee.de\/index.php?rest_route=\/wp\/v2\/pages\/27\/revisions"}],"wp:attachment":[{"href":"https:\/\/www.segelschule-wannsee.de\/index.php?rest_route=%2Fwp%2Fv2%2Fmedia&parent=27"}],"curies":[{"name":"wp","href":"https:\/\/api.w.org\/{rel}","templated":true}]}}