{"id":21,"date":"2021-10-19T07:23:36","date_gmt":"2021-10-19T07:23:36","guid":{"rendered":"https:\/\/www.segelschule-wannsee.de\/?page_id=21"},"modified":"2025-09-28T09:10:13","modified_gmt":"2025-09-28T09:10:13","slug":"bootsverleih","status":"publish","type":"page","link":"https:\/\/www.segelschule-wannsee.de\/?page_id=21","title":{"rendered":"Bootsverleih"},"content":{"rendered":"\n<p><strong>Bootsverleih \/ Bootscharter<\/strong><\/p>\n\n\n\n<p>Sie k\u00f6nnen in unserem Wassersportzentrum am Wannsee Segelboote mieten.<\/p>\n\n\n\n<p>Vertiefen Sie Ihre praktischen Erfahrungen oder geniessen Sie einfach ein paar sch\u00f6ne und erholsame Stunden auf den Berliner Gew\u00e4ssern.<\/p>\n\n\n\n<h3 class=\"wp-block-heading\">Wichtig Hinweis: Im Oktober ist unsere Charterbasis nur unter folgender Nummer ereichbar 0179 724 85 69. Bitte Anfragen unter dieser Nummer t\u00e4tigen. Danke<\/h3>\n\n\n\n<p><strong>F\u00fcr weitere Details klicken Sie bitte auf ein unserer Angebote.<\/strong><\/p>\n\n\n\n<p>Folgende Charterangebote stehen f\u00fcr Sie bereit. <\/p>\n\n\n\n<p>Viel Spa\u00df auf den Berlinern Gew\u00e4ssern w\u00fcnscht Ihnen<\/p>\n\n\n\n<p>Ihre Segelschule Wannsee<\/p>\n\n\n\n<h2 class=\"wp-block-heading\"><strong><sup><mark style=\"background-color:#FFFFFF\" class=\"has-inline-color has-colibri-color-6-color\">Bootsverleih \/ Bootscharter &#8211; Segelboot \/ Jolle<\/mark><\/sup><\/strong><\/h2>\n\n\n\n<div class=\"wp-block-columns alignwide is-layout-flex wp-container-core-columns-is-layout-9d6595d7 wp-block-columns-is-layout-flex\">\n<div class=\"wp-block-column has-text-color has-background has-link-color wp-elements-4fd23a90b2561da2735e7c04f5726f3c is-layout-flow wp-block-column-is-layout-flow\" style=\"color:#000000;background-color:#ffe97d;padding-top:2em;padding-right:2em;padding-bottom:2em;padding-left:2em\">\n<h2 class=\"wp-block-heading\" id=\"single\" style=\"font-size:40px\"><strong>Famjolle<\/strong><\/h2>\n\n\n\n<p class=\"has-normal-font-size\" style=\"line-height:1.5\">Familienjolle, die sich sowohl bei wenig als auch viel Wind gut und einfach segeln l\u00e4sst.<\/p>\n\n\n\n<hr class=\"wp-block-separator has-text-color has-css-opacity has-background is-style-wide\" style=\"background-color:#000000;color:#000000\"\/>\n\n\n\n<ul class=\"wp-block-list\">\n<li>max. 5-6 Personen<\/li>\n\n\n\n<li>leicht zu bedienen<\/li>\n\n\n\n<li>L\u00e4nge: 5,40m<\/li>\n\n\n\n<li>Breite: 2,05m<\/li>\n\n\n\n<li>Segelfl\u00e4che: 15qm <\/li>\n<\/ul>\n\n\n\n<figure class=\"wp-block-image size-full\"><img loading=\"lazy\" decoding=\"async\" width=\"877\" height=\"729\" src=\"https:\/\/www.segelschule-wannsee.de\/wp-content\/uploads\/2022\/12\/IMG_9774.jpg\" alt=\"\" class=\"wp-image-2225\" srcset=\"https:\/\/www.segelschule-wannsee.de\/wp-content\/uploads\/2022\/12\/IMG_9774.jpg 877w, https:\/\/www.segelschule-wannsee.de\/wp-content\/uploads\/2022\/12\/IMG_9774-300x249.jpg 300w, https:\/\/www.segelschule-wannsee.de\/wp-content\/uploads\/2022\/12\/IMG_9774-768x638.jpg 768w\" sizes=\"auto, (max-width: 877px) 100vw, 877px\" \/><\/figure>\n\n\n\n<div class=\"wp-block-buttons alignfull is-horizontal is-content-justification-center is-layout-flex wp-container-core-buttons-is-layout-499968f5 wp-block-buttons-is-layout-flex\">\n<div class=\"wp-block-button has-custom-width wp-block-button__width-100\"><a class=\"wp-block-button__link has-white-color has-text-color has-background no-border-radius wp-element-button\" href=\"https:\/\/bootshaus-waller.de\/segelboote\/?re-product-id=216870\" style=\"background-color:#000000\" target=\"_blank\" rel=\"noreferrer noopener\">75&nbsp;\u20ac\/3h<\/a><\/div>\n<\/div>\n<\/div>\n\n\n\n<div class=\"wp-block-column has-text-color has-background has-link-color wp-elements-1e2e147391e297f72d9ed35b808906eb is-layout-flow wp-block-column-is-layout-flow\" style=\"color:#000000;background-color:#d1d1e1;padding-top:2em;padding-right:2em;padding-bottom:2em;padding-left:2em\">\n<h2 class=\"wp-block-heading\" id=\"family\" style=\"font-size:40px\"><strong>Kielboot<strong> <\/strong><\/strong><\/h2>\n\n\n\n<p class=\"has-normal-font-size\" style=\"line-height:1.5\">Unser <strong>Kielboot Marieholm MS 20<\/strong> ist ein sch\u00f6nes Ausflugsschiff mit Kaj\u00fcte und komfortablen Sitzm\u00f6glichkeiten. <\/p>\n\n\n\n<hr class=\"wp-block-separator has-css-opacity is-style-wide\"\/>\n\n\n\n<ul class=\"wp-block-list\">\n<li>max. 6 Personen<\/li>\n\n\n\n<li>Innenbordmotor:<br>13PS Volvo-Penta<\/li>\n\n\n\n<li>kleine Kaj\u00fcte mit bis zu 3 Schlafpl\u00e4tzen<\/li>\n\n\n\n<li>L\u00e4nge: 6m<\/li>\n\n\n\n<li>Breite: 2,20 m<\/li>\n\n\n\n<li>Tiefgang: 0,90 m<\/li>\n\n\n\n<li>Segelfl\u00e4che: 16qm<\/li>\n<\/ul>\n\n\n\n<figure class=\"wp-block-image size-full\"><img loading=\"lazy\" decoding=\"async\" width=\"903\" height=\"805\" src=\"https:\/\/www.segelschule-wannsee.de\/wp-content\/uploads\/2022\/12\/IMG_9775.jpg\" alt=\"\" class=\"wp-image-2224\" srcset=\"https:\/\/www.segelschule-wannsee.de\/wp-content\/uploads\/2022\/12\/IMG_9775.jpg 903w, https:\/\/www.segelschule-wannsee.de\/wp-content\/uploads\/2022\/12\/IMG_9775-300x267.jpg 300w, https:\/\/www.segelschule-wannsee.de\/wp-content\/uploads\/2022\/12\/IMG_9775-768x685.jpg 768w\" sizes=\"auto, (max-width: 903px) 100vw, 903px\" \/><\/figure>\n\n\n\n<div class=\"wp-block-buttons alignfull is-horizontal is-content-justification-center is-layout-flex wp-container-core-buttons-is-layout-499968f5 wp-block-buttons-is-layout-flex\">\n<div class=\"wp-block-button has-custom-width wp-block-button__width-100 is-style-fill\"><a class=\"wp-block-button__link has-white-color has-text-color has-background no-border-radius wp-element-button\" href=\"https:\/\/bootshaus-waller.de\/segelboote\/?re-product-id=216871\" style=\"background-color:#000000\" target=\"_blank\" rel=\"noreferrer noopener\">110&nbsp;\u20ac\/3h<\/a><\/div>\n<\/div>\n<\/div>\n\n\n\n<div class=\"wp-block-column has-text-color has-background has-link-color wp-elements-d2432f2a4f6d9e89d2a5a6b8a042e387 is-layout-flow wp-block-column-is-layout-flow\" style=\"color:#000000;background-color:#c0ebf1;padding-top:2em;padding-right:2em;padding-bottom:2em;padding-left:2em\">\n<h2 class=\"wp-block-heading\" id=\"patron\" style=\"font-size:40px\"><strong>Flying Cruiser<\/strong><\/h2>\n\n\n\n<p class=\"has-normal-font-size\">Wenn es auch mal sportlicher werden soll, dann ist die Flying Cruiser mit ihrer schlanken und wendigen Bauform genau das richtige f\u00fcr euch.  <\/p>\n\n\n\n<hr class=\"wp-block-separator has-css-opacity is-style-wide\"\/>\n\n\n\n<ul class=\"wp-block-list\">\n<li>max. 5 Personen<\/li>\n\n\n\n<li>Tiefgang: 1,38m<\/li>\n\n\n\n<li>L\u00e4nge: 5,12m<\/li>\n\n\n\n<li>Breite: 2m<\/li>\n\n\n\n<li>Segelfl\u00e4che: 13qm <\/li>\n<\/ul>\n\n\n\n<figure class=\"wp-block-image size-large\"><img loading=\"lazy\" decoding=\"async\" width=\"1024\" height=\"913\" src=\"https:\/\/www.segelschule-wannsee.de\/wp-content\/uploads\/2022\/12\/IMG_9773-1024x913.jpg\" alt=\"\" class=\"wp-image-2223\" srcset=\"https:\/\/www.segelschule-wannsee.de\/wp-content\/uploads\/2022\/12\/IMG_9773-1024x913.jpg 1024w, https:\/\/www.segelschule-wannsee.de\/wp-content\/uploads\/2022\/12\/IMG_9773-300x267.jpg 300w, https:\/\/www.segelschule-wannsee.de\/wp-content\/uploads\/2022\/12\/IMG_9773-768x685.jpg 768w, https:\/\/www.segelschule-wannsee.de\/wp-content\/uploads\/2022\/12\/IMG_9773.jpg 1040w\" sizes=\"auto, (max-width: 1024px) 100vw, 1024px\" \/><\/figure>\n\n\n\n<div class=\"wp-block-buttons alignfull is-horizontal is-content-justification-center is-layout-flex wp-container-core-buttons-is-layout-499968f5 wp-block-buttons-is-layout-flex\">\n<div class=\"wp-block-button has-custom-width wp-block-button__width-100\"><a class=\"wp-block-button__link has-white-color has-text-color has-background no-border-radius wp-element-button\" href=\"https:\/\/bootshaus-waller.de\/segelboote\/?re-product-id=216869#buchen\" style=\"background-color:#000000\" target=\"_blank\" rel=\"noreferrer noopener\">75 \u20ac\/3h<\/a><\/div>\n<\/div>\n<\/div>\n<\/div>\n\n\n\n<p class=\"has-text-align-center\"><br><strong>Weiter Informationen zur Famjolle, sowie Verf\u00fcgbarkeiten &amp; Charterpreise finden Sie unter <\/strong><strong><a rel=\"noreferrer noopener\" href=\"https:\/\/www.bootshaus-waller.de\/wannsee\/jollen\/famjolle\/\" target=\"_blank\">bootshaus-waller.de<\/a><\/strong>.<\/p>\n","protected":false},"excerpt":{"rendered":"<p>Bootsverleih \/ Bootscharter Sie k\u00f6nnen in unserem Wassersportzentrum am Wannsee Segelboote mieten. Vertiefen Sie Ihre praktischen Erfahrungen oder geniessen Sie einfach ein paar sch\u00f6ne und erholsame Stunden auf den Berliner Gew\u00e4ssern. Wichtig Hinweis: Im Oktober ist unsere Charterbasis nur unter folgender Nummer ereichbar 0179 724 85 69. Bitte Anfragen unter dieser Nummer t\u00e4tigen. Danke F\u00fcr [&hellip;]<\/p>\n","protected":false},"author":2,"featured_media":0,"parent":0,"menu_order":6,"comment_status":"closed","ping_status":"closed","template":"","meta":{"footnotes":""},"class_list":["post-21","page","type-page","status-publish","hentry"],"_links":{"self":[{"href":"https:\/\/www.segelschule-wannsee.de\/index.php?rest_route=\/wp\/v2\/pages\/21","targetHints":{"allow":["GET"]}}],"collection":[{"href":"https:\/\/www.segelschule-wannsee.de\/index.php?rest_route=\/wp\/v2\/pages"}],"about":[{"href":"https:\/\/www.segelschule-wannsee.de\/index.php?rest_route=\/wp\/v2\/types\/page"}],"author":[{"embeddable":true,"href":"https:\/\/www.segelschule-wannsee.de\/index.php?rest_route=\/wp\/v2\/users\/2"}],"replies":[{"embeddable":true,"href":"https:\/\/www.segelschule-wannsee.de\/index.php?rest_route=%2Fwp%2Fv2%2Fcomments&post=21"}],"version-history":[{"count":0,"href":"https:\/\/www.segelschule-wannsee.de\/index.php?rest_route=\/wp\/v2\/pages\/21\/revisions"}],"wp:attachment":[{"href":"https:\/\/www.segelschule-wannsee.de\/index.php?rest_route=%2Fwp%2Fv2%2Fmedia&parent=21"}],"curies":[{"name":"wp","href":"https:\/\/api.w.org\/{rel}","templated":true}]}}