{"id":192,"date":"2021-11-09T06:17:33","date_gmt":"2021-11-09T06:17:33","guid":{"rendered":"https:\/\/www.segelschule-wannsee.de\/?page_id=192"},"modified":"2023-01-12T12:22:45","modified_gmt":"2023-01-12T12:22:45","slug":"kontakt-formular","status":"publish","type":"page","link":"https:\/\/www.segelschule-wannsee.de\/?page_id=192","title":{"rendered":"Kontakt"},"content":{"rendered":"\n<p>Schreiben Sie uns eine Nachricht \u00fcber unser Kontaktformular oder an die E-Mail Adresse <strong>info@segelschule-wannsee.de<\/strong>. Oder besuchen Sie uns pers\u00f6nlich in unserem Segelschulb\u00fcro in Berlin bzw. in unserem <a href=\"https:\/\/www.segelschule-wannsee.de\/?p=2166\">Wassersportzentrum am Gro\u00dfen Wannsee<\/a><\/p>\n\n\n\n<p>Der Theorieunterricht findet zur Zeit in Berlin Wilmersdorf, Forckenbeckstr. nahe U-\/S-Bahnhof Heidelberger Platz statt.<\/p>\n\n\n\r\n<!-- START JS for Form ID: 191 -->\r\n<script type=\"text\/javascript\">\r\njQuery(document).ready(function($) {\r\n\r\n    jQuery(\"#preloader-jynghc\").fadeOut(500, function() {\r\n        jQuery(\"#ecf-form-jynghc\").fadeIn(300);\r\n    });\r\n\r\n    Ladda.bind('.ladda-button');\r\n\r\n    $(function() {\r\n\r\n        \r\n        \/* Validation *\/\r\n        $(\"#form-jynghc\").validate({\r\n            \/* Rules for form validation *\/\r\n            rules: {\r\n                name0:{required: true},email1:{required: true,email: true},text2:{required: true},text3:{required: true},message4:{required: true,minlength: 10},\r\n\r\n                            },\r\n            \/* Messages for form validation *\/\r\n            messages: {\r\n                name0:{required: \"This field is required\"},email1:{required: \"This field is required\"},text2:{required: \"This field is required\"},text3:{required: \"This field is required\"},message4:{required: \"This field is required\"}            },\r\n            \/* Do not change code below *\/\r\n            errorPlacement: function(error, element) {\r\n                error.insertAfter(element.parent());\r\n            },\r\n\r\n            submitHandler: function(form) {\r\n                                ecf_onsubmit(jQuery('.form-jynghc'));\r\n\r\n                \r\n            },\r\n\r\n            invalidHandler: function(form) {\r\n                Ladda.stopAll();\r\n            },\r\n\r\n            onkeyup: false,\r\n            onfocusout: false,\r\n            onclick: false\r\n\r\n        });\r\n    });\r\n\r\n\r\n    \/* Form Submit ( Ajax ) *\/\r\n    function ecf_onsubmit(form) {\r\n\r\n        if (form.attr('action') == '#') {\r\n\r\n            data = {};\r\n            eldat = [];\r\n            data['action'] = 'ecf_deliver_mail';\r\n            data['formid'] = '191';\r\n            data['security'] = 'cb91f96290';\r\n\r\n\r\n            \r\n            jQuery('input, textarea', form).each(function(key) {\r\n\r\n                items = {};\r\n\r\n                if (typeof $(this).data('type') === 'undefined') {\r\n                    return true;\r\n                }\r\n\r\n\r\n                \r\n                items['type'] = $(this).data('type');\r\n                items['label'] = $(this).data('label');\r\n                items['value'] = this.value;\r\n                items['name'] = this.name;\r\n\r\n                eldat.push(items);\r\n\r\n            });\r\n\r\n\r\n                        data['allelmnt'] = JSON.stringify(eldat);\r\n\r\n            submitForm();\r\n\r\n            return false;\r\n\r\n        }\r\n\r\n    }\r\n\r\n    \/* Start submitForm\t *\/\r\n    function submitForm() {\r\n\r\n        jQuery.ajax({\r\n            url: 'https:\/\/www.segelschule-wannsee.de\/wp-admin\/admin-ajax.php',\r\n            type: 'POST',\r\n            dataType: 'json',\r\n            data: data,\r\n            success: function(data) {\r\n\r\n                if (data.Ok == true) {\r\n\r\n                    $(\"#form-jynghc\").get(0).reset();\r\n\r\n                    if (data.msg == 'redirect') {\r\n                        window.location = \"https:\/\/www.segelschule-wannsee.de\";\r\n                    } else {\r\n                        notifyme('Ihre Nachricht wurde erfolgreich \u00fcbermittelt', 'n', 'success',\r\n                            'left middle');\r\n                    }\r\n\r\n                } else {\r\n                    $(\"#form-jynghc\").get(0).reset();\r\n                    notifyme(data.msg, 'n', 'error', 'left middle');\r\n                }\r\n\r\n                Ladda.stopAll();\r\n\r\n            }\r\n        });\r\n\r\n        \r\n    }\r\n\r\n\r\n    \/* Notify *\/\r\n    function notifyme(msg, b, typ, pos) {\r\n        if (b == 'n') {\r\n            b = 'cf-submittedjynghc';\r\n        } else {\r\n            b = 'atcjynghc';\r\n        }\r\n\r\n        $(\"#\" + b).gnotify(msg, {\r\n            style: \"nbootstrap\",\r\n            elementPosition: pos,\r\n            className: typ\r\n        });\r\n\r\n        msg = null;\r\n        typ = null;\r\n\r\n    }\r\n\r\n});\r\n<\/script>\r\n<!-- END JS for Form ID: 191 -->\r\n\r\n<!-- START Form Markup for Form ID: 191 -->\r\n<div id=\"preloader-jynghc\" class=\"ecfpreloader\"><\/div>\r\n<div id=\"ecf-form-jynghc\" class=\"ecf-body\">\r\n    <form method=\"post\" enctype=\"multipart\/form-data\" action=\"#\" id=\"form-jynghc\" class=\"ecf-form form-jynghc\">\r\n        <header>Web-Anfrage<\/header>        <fieldset>\r\n            <section><label class=\"label\">Name<\/label><label class=\"input\"><input data-type=\"name\" data-label=\"Name\" id=\"name0\" type=\"text\" name=\"name0\" \/><\/label><\/section><section><label class=\"label\">Email<\/label><label class=\"input\"><input data-type=\"email\" data-label=\"Email\" id=\"email1\" type=\"text\" name=\"email1\" \/><\/label><\/section><section><label class=\"label\">Telefonnummer<\/label><label class=\"input\"><input data-type=\"text\" data-label=\"Telefonnummer\" id=\"text2\" type=\"text\" name=\"text2\" \/><\/label><\/section><section><label class=\"label\">Betreff<\/label><label class=\"input\"><input data-type=\"text\" data-label=\"Betreff\" id=\"text3\" type=\"text\" name=\"text3\" \/><\/label><\/section><section><label class=\"label\">Nachricht<\/label><label class=\"textarea\"><textarea data-type=\"message\" data-label=\"Nachricht\" id=\"message4\" name=\"message4\" rows=\"7\"><\/textarea><\/label><\/section>        <\/fieldset>\r\n        <footer>\r\n            <button data-style=\"slide-down\" id=\"cf-submittedjynghc\" class=\"ecfbutton ladda-button\" type=\"submit\" name=\"cf-submittedjynghc\"><span class=\"ladda-label\">SEND<\/span><\/button>\r\n        <\/footer>\r\n    <\/form>\r\n\r\n    \r\n<\/div>\r\n<!-- END Form Markup for Form ID: 191 -->\r\n\r\n\r\n\t\t\t\t","protected":false},"excerpt":{"rendered":"<p>Schreiben Sie uns eine Nachricht \u00fcber unser Kontaktformular oder an die E-Mail Adresse info@segelschule-wannsee.de. Oder besuchen Sie uns pers\u00f6nlich in unserem Segelschulb\u00fcro in Berlin bzw. in unserem Wassersportzentrum am Gro\u00dfen Wannsee Der Theorieunterricht findet zur Zeit in Berlin Wilmersdorf, Forckenbeckstr. nahe U-\/S-Bahnhof Heidelberger Platz statt.<\/p>\n","protected":false},"author":2,"featured_media":0,"parent":0,"menu_order":8,"comment_status":"closed","ping_status":"closed","template":"","meta":{"footnotes":""},"class_list":["post-192","page","type-page","status-publish","hentry"],"_links":{"self":[{"href":"https:\/\/www.segelschule-wannsee.de\/index.php?rest_route=\/wp\/v2\/pages\/192","targetHints":{"allow":["GET"]}}],"collection":[{"href":"https:\/\/www.segelschule-wannsee.de\/index.php?rest_route=\/wp\/v2\/pages"}],"about":[{"href":"https:\/\/www.segelschule-wannsee.de\/index.php?rest_route=\/wp\/v2\/types\/page"}],"author":[{"embeddable":true,"href":"https:\/\/www.segelschule-wannsee.de\/index.php?rest_route=\/wp\/v2\/users\/2"}],"replies":[{"embeddable":true,"href":"https:\/\/www.segelschule-wannsee.de\/index.php?rest_route=%2Fwp%2Fv2%2Fcomments&post=192"}],"version-history":[{"count":0,"href":"https:\/\/www.segelschule-wannsee.de\/index.php?rest_route=\/wp\/v2\/pages\/192\/revisions"}],"wp:attachment":[{"href":"https:\/\/www.segelschule-wannsee.de\/index.php?rest_route=%2Fwp%2Fv2%2Fmedia&parent=192"}],"curies":[{"name":"wp","href":"https:\/\/api.w.org\/{rel}","templated":true}]}}