{"id":137,"date":"2021-10-23T14:54:50","date_gmt":"2021-10-23T14:54:50","guid":{"rendered":"https:\/\/www.segelschule-wannsee.de\/?page_id=137"},"modified":"2025-01-08T15:56:57","modified_gmt":"2025-01-08T15:56:57","slug":"amtlicher-sportbootfuehrerschein-see","status":"publish","type":"page","link":"https:\/\/www.segelschule-wannsee.de\/?page_id=137","title":{"rendered":"Amtlicher Sportbootf\u00fchrerschein See"},"content":{"rendered":"\n<div class=\"wp-block-media-text alignwide is-stacked-on-mobile is-vertically-aligned-top\" style=\"grid-template-columns:36% auto\"><figure class=\"wp-block-media-text__media\"><img loading=\"lazy\" decoding=\"async\" width=\"1024\" height=\"1024\" src=\"https:\/\/www.segelschule-wannsee.de\/wp-content\/uploads\/2021\/11\/cropped-cropped-cropped-cropped-cropped-DSC00163-scaled-1-1-2-1024x1024.jpg\" alt=\"\" class=\"wp-image-768 size-full\" srcset=\"https:\/\/www.segelschule-wannsee.de\/wp-content\/uploads\/2021\/11\/cropped-cropped-cropped-cropped-cropped-DSC00163-scaled-1-1-2-1024x1024.jpg 1024w, https:\/\/www.segelschule-wannsee.de\/wp-content\/uploads\/2021\/11\/cropped-cropped-cropped-cropped-cropped-DSC00163-scaled-1-1-2-300x300.jpg 300w, https:\/\/www.segelschule-wannsee.de\/wp-content\/uploads\/2021\/11\/cropped-cropped-cropped-cropped-cropped-DSC00163-scaled-1-1-2-150x150.jpg 150w, https:\/\/www.segelschule-wannsee.de\/wp-content\/uploads\/2021\/11\/cropped-cropped-cropped-cropped-cropped-DSC00163-scaled-1-1-2-768x768.jpg 768w, https:\/\/www.segelschule-wannsee.de\/wp-content\/uploads\/2021\/11\/cropped-cropped-cropped-cropped-cropped-DSC00163-scaled-1-1-2-1536x1536.jpg 1536w, https:\/\/www.segelschule-wannsee.de\/wp-content\/uploads\/2021\/11\/cropped-cropped-cropped-cropped-cropped-DSC00163-scaled-1-1-2.jpg 1707w\" sizes=\"auto, (max-width: 1024px) 100vw, 1024px\" \/><\/figure><div class=\"wp-block-media-text__content\">\n<p class=\"has-large-font-size\">Kursinformationen<\/p>\n\n\n\n<p>Der Amtliche Sportbootf\u00fchrerschein See ist der gesetzlich vorgeschriebene F\u00fchrerschein f\u00fcr die K\u00fcste. <\/p>\n\n\n\n<p>Diesen m\u00fcssen Sie besitzen, wenn Sie mit einem Sportboot fahren, das einen betriebsbereiten Motor mit mehr als 15 PS bzw. 11,03 KW an Bord hat. Der Geltungsbereich ist die 3 SM-Zone an der Deutschen K\u00fcste, wo die Seeschifffahrtsstra\u00dfenordnung gilt. Der Amtliche Sportbootf\u00fchrerschein See wird in fast allen europ\u00e4ischen Staaten anerkannt, wo eine entsprechende F\u00fchrerscheinpflicht besteht (zum Beispiel in Holland, Spanien, T\u00fcrkei, Italien, Griechenland). <\/p>\n\n\n\n<p>Pr\u00fcfungsvoraussetzung ist das vollendete 16. Lebensjahr sowie ein H\u00f6r- und Sehtest. Die Pr\u00fcfung umfasst eine 60-min\u00fctige schriftliche Pr\u00fcfung im Multiple Choice Verfahren und eine praktische Fahrpr\u00fcfung mit dem Motorboot. <\/p>\n<\/div><\/div>\n\n\n\n<p><\/p>\n\n\n\n<div class=\"wp-block-media-text is-stacked-on-mobile\" style=\"grid-template-columns:15% auto\"><figure class=\"wp-block-media-text__media\"><img loading=\"lazy\" decoding=\"async\" width=\"116\" height=\"164\" src=\"https:\/\/www.segelschule-wannsee.de\/wp-content\/uploads\/2021\/10\/Sportboot-Fuehrerschein-See.jpg\" alt=\"\" class=\"wp-image-138 size-full\" srcset=\"https:\/\/www.segelschule-wannsee.de\/wp-content\/uploads\/2021\/10\/Sportboot-Fuehrerschein-See.jpg 116w, https:\/\/www.segelschule-wannsee.de\/wp-content\/uploads\/2021\/10\/Sportboot-Fuehrerschein-See-106x150.jpg 106w\" sizes=\"auto, (max-width: 116px) 100vw, 116px\" \/><\/figure><div class=\"wp-block-media-text__content\">\n<p>Die theoretische Ausbildung findet entweder in einem Wochenendkurs von Freitag bis Sonntag statt oder 1x die Woche\u2026.an einem Wochentag stets in der Zeit von 19 bis 21.30 Uhr statt. Die anschlie\u00dfenden Kurstage finden an gleichen darauffolgenden Wochentagen statt. Zum Beispiel l\u00e4uft ein Mittwochskurs \u00fcber 6 Mittwoche. Der Theorieunterricht findet in Berlin-Wilmersdorf nahe U-Bahnhof Heidelberger Platz statt.<\/p>\n\n\n\n<p>Intensivkurse laufen von in der Regel von Freitag bis Sonntag.<\/p>\n\n\n\n<p>Im Unterricht m\u00fcssen Sie nicht mitschreiben, da Sie bei jedem Kursabend ein Kursprotokoll erhalten, das den gesamten behandelten Unterrichtsstoff mit den jeweiligen Pr\u00fcfungsfragen zu diesem Thema enth\u00e4lt.<\/p>\n<\/div><\/div>\n\n\n\n<p>In der praktischen Ausbildung fahren Sie 2 Einheiten mit unserem Motorboot, in denen wir mit Ihnen die Pr\u00fcfungsman\u00f6ver und Pr\u00fcfungsknoten \u00fcben.<\/p>\n\n\n\n<h2 class=\"wp-block-heading\">Preise<\/h2>\n\n\n\n<figure class=\"wp-block-table is-style-stripes\"><table><tbody><tr><td>SBF1<\/td><td>Sportbootf\u00fchrerschein See &#8211; Standardkurs &nbsp; &nbsp; &nbsp; Theorie-und Praxiskurs<\/td><td>345,- \u20ac<\/td><\/tr><tr><td>&nbsp;<\/td><td>6 Kursabende Theorie und zwei praktische Fahreinheiten<\/td><td>&nbsp;<\/td><\/tr><tr><td>SBF2<\/td><td>Sportbootf\u00fchrerschein See &#8211; Intensivkurs.. &nbsp; &nbsp; &nbsp; Theorie &amp; Praxis Wochenendkurs<\/td><td>345,- \u20ac<\/td><\/tr><tr><td>&nbsp;<\/td><td>3 Kurstermine Theorie und zwei praktische Fahreinheiten plus Pr\u00fcfungsfahrt<\/td><td>&nbsp;<\/td><\/tr><tr><td>SBF3<\/td><td>Sportbootf\u00fchrerschein See &#8211; Praxiskurs &nbsp; &nbsp; &nbsp; Nur Praxisunterricht<\/td><td>185,- \u20ac<\/td><\/tr><tr><td>&nbsp;<\/td><td>Zwei praktische Fahreinheiten plus Pr\u00fcfungsfahrt<\/td><td>&nbsp;<\/td><\/tr><tr><td>SBF4<\/td><td>Sportbootf\u00fchrerschein See &amp; Binnen Kombikurs       See\/Binnen Motorboot<\/td><td>395,- \u20ac<\/td><\/tr><tr><td>&nbsp;<\/td><td>kompletter Theorieunterricht und zwei praktische Fahreinheiten (identisch mit Kurs M5)<\/td><td>&nbsp;<\/td><\/tr><tr><td>SBF5<\/td><td>Sportbootf\u00fchrerschein See &amp; Binnen Segeln\/Motorboot       mit Segeln<\/td><td>695,- \u20ac<\/td><\/tr><tr><td>&nbsp;<\/td><td>komplette Theorie und 5 x 3 Stunden praktische Segelausbildung und zwei praktische Fahreinheiten Motorboot plus Pr\u00fcfungsfahrtkompletter Theorieunterricht und zwei praktische Fahreinheiten (identisch mit Kurs M5)<\/td><td>&nbsp;<\/td><\/tr><tr><td>SBF6<\/td><td>Sportbootf\u00fchrerschein See &#8211; Privatkurs<\/td><td>1340,- \u20ac<\/td><\/tr><tr><td>&nbsp;<\/td><td>Einzelunterricht nach Ihren Wunschzeiten Buchbar jederzeit m\u00f6glich. 4 x 3 Stunden Theorie und zwei praktische Fahreinheiten Motorboot plus Pr\u00fcfungsfahrt<\/td><td>&nbsp;<\/td><\/tr><tr><td>SBF7<\/td><td>Sportbootf\u00fchrerschein See &amp; Binnen Motorboot &#8211; Privatkurs &nbsp; &nbsp; Einzelunterricht<\/td><td>1500,- \u20ac<\/td><\/tr><tr><td>&nbsp;<\/td><td>4 x 4 Stunden Theorieunterricht und zwei praktische Fahreinheiten Theorie- und Praxisunterricht nach Ihren Wunschzeiten<\/td><td>&nbsp;<\/td><\/tr><\/tbody><\/table><\/figure>\n\n\n\n<h2 class=\"wp-block-heading\">Inhalte der Theorieausbildung:<\/h2>\n\n\n\n<h3 class=\"wp-block-heading\">Nautik<\/h3>\n\n\n\n<p>Terrestrische Navigation, Kompasslehre, Gebrauch von Seekarten, Gezeitenkunde<\/p>\n\n\n\n<h3 class=\"wp-block-heading\">Verkehrsvorschriften<\/h3>\n\n\n\n<p>Seeschifffahrtstra\u00dfenordnung, Kollisionsverh\u00fctungsregel<\/p>\n\n\n\n<h3 class=\"wp-block-heading\">Seemannschaft<\/h3>\n\n\n\n<p>Sicherheitsma\u00dfnahmen, Verhalten bei Seenotf\u00e4llen, Ankern, Man\u00f6vrieren.<\/p>\n\n\n\n<h3 class=\"wp-block-heading\">Wetterkunde<\/h3>\n\n\n\n<p>Gebrauch des Barometers, Lesen der Wetterkarte, Wind und Sturmwarnung.<\/p>\n\n\n\n<h2 class=\"wp-block-heading\">Praxisunterricht:<\/h2>\n\n\n\n<p>Steuern nach Schifffahrtszeichen und Kompass, An- und Ablegen, Wenden auf engem Raum, Anlegen einer Rettungsweste, Mann \u00fcber Bord, Peilen und Knotenkunde.<\/p>\n\n\n\n<p><\/p>\n\n\n\n<p><\/p>\n\n\n\n<p style=\"font-size:24px\"><strong>Kurstermine<\/strong><\/p>\n\n\n\n<figure class=\"wp-block-table is-style-stripes\"><table class=\"has-colibri-color-6-color has-colibri-color-5-background-color has-text-color has-background has-fixed-layout\"><thead><tr><th><\/th><th><\/th><\/tr><\/thead><tbody><tr><td>Kurs I Sportbootf\u00fchrerschein See                                                     <\/td><td>Mittwoch, den 15. Januar 2025 19 Uhr<\/td><\/tr><tr><td>Kurs II Sportbootf\u00fchrerschein See<\/td><td><br><li>Freitag, den 21. Februar 2025 1730 Uhr Wochenendkurs<\/li><\/td><\/tr><tr><td><\/td><td><\/td><\/tr><tr><td><\/td><td><\/td><\/tr><\/tbody><tfoot><tr><td><\/td><td><\/td><\/tr><\/tfoot><\/table><figcaption class=\"wp-element-caption\"> Bei Interresse&#8230;.bitte eine Webanfrage \u00fcber das Kontakt-Formular senden&#8230;.Danke <\/figcaption><\/figure>\n","protected":false},"excerpt":{"rendered":"<p>Kursinformationen Der Amtliche Sportbootf\u00fchrerschein See ist der gesetzlich vorgeschriebene F\u00fchrerschein f\u00fcr die K\u00fcste. Diesen m\u00fcssen Sie besitzen, wenn Sie mit einem Sportboot fahren, das einen betriebsbereiten Motor mit mehr als 15 PS bzw. 11,03 KW an Bord hat. Der Geltungsbereich ist die 3 SM-Zone an der Deutschen K\u00fcste, wo die Seeschifffahrtsstra\u00dfenordnung gilt. Der Amtliche Sportbootf\u00fchrerschein [&hellip;]<\/p>\n","protected":false},"author":2,"featured_media":0,"parent":130,"menu_order":3,"comment_status":"closed","ping_status":"closed","template":"","meta":{"footnotes":""},"class_list":["post-137","page","type-page","status-publish","hentry"],"_links":{"self":[{"href":"https:\/\/www.segelschule-wannsee.de\/index.php?rest_route=\/wp\/v2\/pages\/137","targetHints":{"allow":["GET"]}}],"collection":[{"href":"https:\/\/www.segelschule-wannsee.de\/index.php?rest_route=\/wp\/v2\/pages"}],"about":[{"href":"https:\/\/www.segelschule-wannsee.de\/index.php?rest_route=\/wp\/v2\/types\/page"}],"author":[{"embeddable":true,"href":"https:\/\/www.segelschule-wannsee.de\/index.php?rest_route=\/wp\/v2\/users\/2"}],"replies":[{"embeddable":true,"href":"https:\/\/www.segelschule-wannsee.de\/index.php?rest_route=%2Fwp%2Fv2%2Fcomments&post=137"}],"version-history":[{"count":0,"href":"https:\/\/www.segelschule-wannsee.de\/index.php?rest_route=\/wp\/v2\/pages\/137\/revisions"}],"up":[{"embeddable":true,"href":"https:\/\/www.segelschule-wannsee.de\/index.php?rest_route=\/wp\/v2\/pages\/130"}],"wp:attachment":[{"href":"https:\/\/www.segelschule-wannsee.de\/index.php?rest_route=%2Fwp%2Fv2%2Fmedia&parent=137"}],"curies":[{"name":"wp","href":"https:\/\/api.w.org\/{rel}","templated":true}]}}