{"id":135,"date":"2021-10-23T14:52:10","date_gmt":"2021-10-23T14:52:10","guid":{"rendered":"https:\/\/www.segelschule-wannsee.de\/?page_id=135"},"modified":"2025-07-15T13:00:27","modified_gmt":"2025-07-15T13:00:27","slug":"amtlicher-sportbootfuehrerschein-binnen-motor","status":"publish","type":"page","link":"https:\/\/www.segelschule-wannsee.de\/?page_id=135","title":{"rendered":"Amtlicher Sportbootf\u00fchrerschein Binnen &#8211; Motor"},"content":{"rendered":"\n<div class=\"wp-block-media-text alignwide has-media-on-the-right is-stacked-on-mobile is-vertically-aligned-top\" style=\"grid-template-columns:auto 32%\"><div class=\"wp-block-media-text__content\">\n<p>Die Berliner und Brandenburger Seen sowie Fl\u00fcsse mit den angrenzenden Gew\u00e4ssern in Mecklenburg Vorpommern z\u00e4hlen zu den sch\u00f6nsten in ganz Europa. Vom Scharm\u00fctzelsee bis zur M\u00fcritz eine einzigartige Naturlandschaft. Hunderte Kilometer Wasserstra\u00dfen warten darauf von Ihnen mit dem Motorboot erkundet zu werden. <\/p>\n\n\n\n<p>Auf den Binnenwasserstra\u00dfen in Deutschland gilt die Binnenschifffahrtsstra\u00dfenordnung mit der Sportbootf\u00fchrer- scheinverordnung. <\/p>\n\n\n\n<p>Wenn Sie mit einem Sportboot, das mehr als 15-PS-Antriebsmaschine und bis 20 m L\u00e4nge hat, in Deutschland die Binnenwasserstra\u00dfen befahren m\u00f6chten, dann ben\u00f6tigen Sie hierzu den Amtlichen Sportbootf\u00fchrerschein Binnen. <\/p>\n\n\n\n<p>Die Pr\u00fcfung besteht aus einer theoretischen und einer praktischen Pr\u00fcfung.  <\/p>\n\n\n\n<p>Die Pr\u00fcfungsvoraussetzung ist das vollendete 16. Lebensjahr sowie ein H\u00f6r- und Sehtest. Der Sportbootf\u00fchrerschein Binnen wird auf fast allen europ\u00e4ischen Binnengew\u00e4ssern als Bef\u00e4higungsnachwei\u00df anerkannt. Die theoretische Pr\u00fcfung umfasst eine 45-min\u00fctige schriftliche Pr\u00fcfung in der Sie 30 Fragen beantworten m\u00fcssen. In der praktischen Pr\u00fcfung m\u00fcssen Sie mit einem Motorboot die vorgegebenen Pr\u00fcfungsman\u00f6ver vorfahren und die seem\u00e4nnischen Knoten vorf\u00fchren <\/p>\n<\/div><figure class=\"wp-block-media-text__media\"><img loading=\"lazy\" decoding=\"async\" width=\"1707\" height=\"1707\" src=\"https:\/\/www.segelschule-wannsee.de\/wp-content\/uploads\/2021\/11\/cropped-cropped-cropped-cropped-cropped-DSC00163-scaled-1-1-2.jpg\" alt=\"\" class=\"wp-image-768 size-full\" srcset=\"https:\/\/www.segelschule-wannsee.de\/wp-content\/uploads\/2021\/11\/cropped-cropped-cropped-cropped-cropped-DSC00163-scaled-1-1-2.jpg 1707w, https:\/\/www.segelschule-wannsee.de\/wp-content\/uploads\/2021\/11\/cropped-cropped-cropped-cropped-cropped-DSC00163-scaled-1-1-2-300x300.jpg 300w, https:\/\/www.segelschule-wannsee.de\/wp-content\/uploads\/2021\/11\/cropped-cropped-cropped-cropped-cropped-DSC00163-scaled-1-1-2-1024x1024.jpg 1024w, https:\/\/www.segelschule-wannsee.de\/wp-content\/uploads\/2021\/11\/cropped-cropped-cropped-cropped-cropped-DSC00163-scaled-1-1-2-150x150.jpg 150w, https:\/\/www.segelschule-wannsee.de\/wp-content\/uploads\/2021\/11\/cropped-cropped-cropped-cropped-cropped-DSC00163-scaled-1-1-2-768x768.jpg 768w, https:\/\/www.segelschule-wannsee.de\/wp-content\/uploads\/2021\/11\/cropped-cropped-cropped-cropped-cropped-DSC00163-scaled-1-1-2-1536x1536.jpg 1536w\" sizes=\"auto, (max-width: 1707px) 100vw, 1707px\" \/><\/figure><\/div>\n\n\n\n<p><\/p>\n\n\n\n<p><\/p>\n\n\n\n<h2 class=\"wp-block-heading\" id=\"kursinformationen\">Kursinformationen<\/h2>\n\n\n\n<div class=\"wp-block-media-text alignwide is-stacked-on-mobile\" style=\"grid-template-columns:25% auto\"><figure class=\"wp-block-media-text__media\"><img decoding=\"async\" src=\"https:\/\/www.segelschule-wannsee.de\/kurse\/motorboot_1.jpg\" alt=\"Sportbootf\u00fchrerschein Binnen - Motorboot\"\/><\/figure><div class=\"wp-block-media-text__content\">\n<p class=\"has-large-font-size\">n\u00e4chster Kursbeginn<\/p>\n\n\n\n<p><strong>Freitag, den 25. Juli 2025 16 Uhr<\/strong><\/p>\n\n\n\n<p><strong><a href=\"https:\/\/www.segelschule-wannsee.de\/?p=952\">Anmelden<\/a><\/strong><\/p>\n<\/div><\/div>\n\n\n\n<p>Die theoretische Ausbildung findet entweder in einem Wochenendkurs von Freitag bis Sonntag statt oder 1x die Woche&#8230;.an einem Wochentag stets in der Zeit von 19 bis 21.30 Uhr statt. Die anschlie\u00dfenden Kurstage finden an gleichen darauffolgenden Wochentagen statt. Zum Beispiel l\u00e4uft ein Montagskurs \u00fcber 5 Montage. Der Theorieunterricht findet in Berlin-Wilmersdorf nahe U-Bahnhof Heidelberger Platz statt.<\/p>\n\n\n\n<p>Wochenend\/Intensivkurse laufen in der Regel von Freitag bis Sonntag.<\/p>\n\n\n\n<p>Haben Sie an einem der Kursabende keine Zeit, k\u00f6nnen Sie den vers\u00e4umten Kursabend in einem parallel laufenden Kurs nachholen.<\/p>\n\n\n\n<p>Im Unterricht m\u00fcssen Sie nicht mitschreiben, da Sie bei jedem Kursabend ein Kursprotokoll erhalten, das den gesamten behandelten Unterrichtsstoff mit den jeweiligen Pr\u00fcfungsfragen zu diesem Thema enth\u00e4lt.<\/p>\n\n\n\n<h2 class=\"wp-block-heading\" id=\"kursangebot\">Kursangebot<\/h2>\n\n\n\n<figure class=\"wp-block-table is-style-stripes\"><table><tbody><tr><td>M1<\/td><td><strong>Motorbootkurs Binnen Standard <\/strong>&nbsp; &nbsp; <br><em>5 x 2,5 Stunden Theorieunterricht \/ zwei praktische Motorbooteinheiten<\/em> <\/td><td>295,- \u20ac<\/td><\/tr><tr><td>&nbsp;<\/td><td><\/td><td>&nbsp;<\/td><\/tr><tr><td>M2<\/td><td><strong>Motorbootkurs Binnen Wochenend\/Intensiv<\/strong><br><em>3 Kursabenden Theorie und zwei praktische Fahreinheiten <\/em><\/td><td>295,- \u20ac<\/td><\/tr><tr><td>&nbsp;<\/td><td><\/td><td>&nbsp;<\/td><\/tr><tr><td>M3<\/td><td><strong>Motorbootkurs <\/strong>nur Praxis &nbsp; &nbsp; &nbsp;  <br>2 praktische Motorbooteinheiten inkl. Pr\u00fcfungsfahrt <\/td><td>185,- \u20ac<\/td><\/tr><tr><td>&nbsp;<\/td><td><\/td><td>&nbsp;<\/td><\/tr><tr><td>M4<\/td><td><strong>Sportbootf\u00fchrerschein Binnen &amp; See Motorboot <\/strong>Kombikurs &nbsp; &nbsp; &nbsp; <br><em>kompletter Theorieunterricht und zwei praktische Motorbooteinheiten inkl. Pr\u00fcfungsfahrt <\/em><\/td><td>395,- \u20ac<\/td><\/tr><tr><td>&nbsp;<\/td><td><\/td><td>&nbsp;<\/td><\/tr><tr><td>M5<\/td><td><strong>Sportbootf\u00fchrerschein Binnen &amp; See Segeln\/Motorboot &nbsp;<\/strong>mit Segeln  <br><em>kompletter Theorieuntericht und 5 x 3 Stunden praktische Segelausbildung und zwei praktische Fahreinheiten Motorboot plus Pr\u00fcfungsfahrt <\/em><\/td><td>695,- \u20ac<\/td><\/tr><tr><td>&nbsp;<\/td><td><\/td><td>&nbsp;<\/td><\/tr><tr><td>M6<\/td><td><strong>Sportbootf\u00fchrerschein Binnen Motorboot <\/strong> Privatkurs &nbsp; &nbsp; &nbsp; <br><em>Einzelunterricht  3 x 3 Stunden Theorie und Praxisunterricht 2 x 2 Stunden nach Ihren Wunschzeiten <\/em> <\/td><td>1200,- \u20ac<\/td><\/tr><tr><td>&nbsp;<\/td><td><\/td><td>&nbsp;<\/td><\/tr><tr><td>M7<\/td><td><strong>Sportbootf\u00fchrerschein Binnen &amp; See Motorboot <\/strong> Privatkurs &nbsp; &nbsp; &nbsp; <br><em>Einzelunterricht  4 x 4 Stunden Theorie und Praxisunterricht 2 x 2 Stunden nach Ihren Wunschzeiten<\/em> <\/td><td>1500,- \u20ac<\/td><\/tr><tr><td>&nbsp;<\/td><td><\/td><td>&nbsp;<\/td><\/tr><\/tbody><\/table><\/figure>\n\n\n\n<p>Die staatlichen Pr\u00fcfungsgeb\u00fchren sind im Kurspreis nicht enthalten.<\/p>\n\n\n\n<h2 class=\"wp-block-heading\" id=\"inhalte-der-theorieausbildung\">Inhalte der Theorieausbildung:<\/h2>\n\n\n\n<p>Gesetzeskunde, Binnenschifffahrtsstra\u00e4enordnung, Seemannschaft, Motorenkunde.<\/p>\n\n\n\n<h2 class=\"wp-block-heading\" id=\"inhalte-der-praxisausbildung\">Inhalte der Praxisausbildung:<\/h2>\n\n\n\n<p>Knotenkunde, Boot klarmachen, an- und ablegen, Boje \u00fcber Bord, Wenden auf der Stelle, kursgerechtes Aufstoppen, Steuern nach Schifffahrtszeichen u.v.m.<\/p>\n\n\n\n<p>In der praktischen Ausbildung fahren Sie 2 Einheiten mit unserem Motorboot, in denen wir mit Ihnen die Pr\u00fcfungsman\u00f6ver und Pr\u00fcfungsknoten \u00fcben.<\/p>\n\n\n\n<p><\/p>\n","protected":false},"excerpt":{"rendered":"<p>Die Berliner und Brandenburger Seen sowie Fl\u00fcsse mit den angrenzenden Gew\u00e4ssern in Mecklenburg Vorpommern z\u00e4hlen zu den sch\u00f6nsten in ganz Europa. Vom Scharm\u00fctzelsee bis zur M\u00fcritz eine einzigartige Naturlandschaft. Hunderte Kilometer Wasserstra\u00dfen warten darauf von Ihnen mit dem Motorboot erkundet zu werden. Auf den Binnenwasserstra\u00dfen in Deutschland gilt die Binnenschifffahrtsstra\u00dfenordnung mit der Sportbootf\u00fchrer- scheinverordnung. Wenn [&hellip;]<\/p>\n","protected":false},"author":1,"featured_media":0,"parent":130,"menu_order":2,"comment_status":"closed","ping_status":"closed","template":"","meta":{"footnotes":""},"class_list":["post-135","page","type-page","status-publish","hentry"],"_links":{"self":[{"href":"https:\/\/www.segelschule-wannsee.de\/index.php?rest_route=\/wp\/v2\/pages\/135","targetHints":{"allow":["GET"]}}],"collection":[{"href":"https:\/\/www.segelschule-wannsee.de\/index.php?rest_route=\/wp\/v2\/pages"}],"about":[{"href":"https:\/\/www.segelschule-wannsee.de\/index.php?rest_route=\/wp\/v2\/types\/page"}],"author":[{"embeddable":true,"href":"https:\/\/www.segelschule-wannsee.de\/index.php?rest_route=\/wp\/v2\/users\/1"}],"replies":[{"embeddable":true,"href":"https:\/\/www.segelschule-wannsee.de\/index.php?rest_route=%2Fwp%2Fv2%2Fcomments&post=135"}],"version-history":[{"count":0,"href":"https:\/\/www.segelschule-wannsee.de\/index.php?rest_route=\/wp\/v2\/pages\/135\/revisions"}],"up":[{"embeddable":true,"href":"https:\/\/www.segelschule-wannsee.de\/index.php?rest_route=\/wp\/v2\/pages\/130"}],"wp:attachment":[{"href":"https:\/\/www.segelschule-wannsee.de\/index.php?rest_route=%2Fwp%2Fv2%2Fmedia&parent=135"}],"curies":[{"name":"wp","href":"https:\/\/api.w.org\/{rel}","templated":true}]}}