{"id":132,"date":"2021-10-23T14:50:11","date_gmt":"2021-10-23T14:50:11","guid":{"rendered":"https:\/\/www.segelschule-wannsee.de\/?page_id=132"},"modified":"2026-03-26T21:07:30","modified_gmt":"2026-03-26T21:07:30","slug":"amtlicher-sportbootfuehrerschein-binnen-segeln","status":"publish","type":"page","link":"https:\/\/www.segelschule-wannsee.de\/?page_id=132","title":{"rendered":"Amtlicher Sportbootf\u00fchrerschein Binnen &#8211; Segeln"},"content":{"rendered":"\n<div class=\"wp-block-cover alignfull is-light\" style=\"min-height:613px;aspect-ratio:unset;\"><span aria-hidden=\"true\" class=\"wp-block-cover__background has-background-dim-100 has-background-dim\" style=\"background-color:#ffffff\"><\/span><div class=\"wp-block-cover__inner-container is-layout-flow wp-block-cover-is-layout-flow\">\n<div class=\"wp-block-media-text alignwide is-stacked-on-mobile is-vertically-aligned-top is-image-fill-element\" style=\"grid-template-columns:32% auto\"><figure class=\"wp-block-media-text__media\"><img loading=\"lazy\" decoding=\"async\" width=\"514\" height=\"768\" src=\"https:\/\/www.segelschule-wannsee.de\/wp-content\/uploads\/2021\/11\/DSC06015.jpg\" alt=\"\" class=\"wp-image-594 size-full\" style=\"object-position:50% 52%\" srcset=\"https:\/\/www.segelschule-wannsee.de\/wp-content\/uploads\/2021\/11\/DSC06015.jpg 514w, https:\/\/www.segelschule-wannsee.de\/wp-content\/uploads\/2021\/11\/DSC06015-201x300.jpg 201w\" sizes=\"auto, (max-width: 514px) 100vw, 514px\" \/><\/figure><div class=\"wp-block-media-text__content\">\n<h1 class=\"wp-block-heading has-text-color\" id=\"segeln-lernen-in-der-segelschule-wannsee\" style=\"color:#000000;font-size:32px\"><strong>Segeln lernen in der Segelschule Wannsee<\/strong>.<\/h1>\n\n\n\n<p class=\"has-text-color\" style=\"color:#000000;font-size:17px\">Die Erfahrung hat gezeigt, segeln lernen Sie am Besten auf einer Jolle (kleines Segelboot). Um ein Gef\u00fchl f\u00fcr die Naturbedingungen, Wind und Wasser zu bekommen, ist das Lernen auf einer Jolle der beste Einstieg in den Segelfreizeitsport.  Wollen Sie sp\u00e4ter einmal auf eine gr\u00f6\u00dfere Segelyacht wechseln, wird Ihnen das nicht schwer fallen.<br>Unsere Ausbildung findet auf Galeonjollen statt. (Foto) <\/p>\n\n\n\n<p><\/p>\n<\/div><\/div>\n<\/div><\/div>\n\n\n\n<p style=\"font-size:-1px\">In der 1. Lerneinheit erkl\u00e4ren wir Ihnen unsere Boote (Boote klarmachen, das Segel setzen und bergen) und Sie gehen mit dem Segellehrer aufs Wasser und werden die ersten &#8222;Segelschritte&#8220; \u00fcben. Die seem\u00e4nnischen Knoten werden wir mit Ihnen \u00fcben.  Unsere Ausbildung findet nicht vom Motorboot aus mit dem Megaphon statt, sondern in jeder Segeleinheit kommt ein Segellehrer zu Ihnen an Bord, um Ihnen eine intensive und pers\u00f6nliche Ausbildung zu erm\u00f6glichen.  In Berlin und auf einigen anderen Binnenrevieren in Deutschland wird f\u00fcr das F\u00fchren eines Segelbootes der amtliche Sportbootf\u00fchrerschein Binnen Segeln verlangt. <\/p>\n\n\n\n<div class=\"wp-block-columns alignwide are-vertically-aligned-center is-layout-flex wp-container-core-columns-is-layout-9d6595d7 wp-block-columns-is-layout-flex\">\n<div class=\"wp-block-column is-layout-flow wp-block-column-is-layout-flow\" style=\"flex-basis:24%\">\n<figure class=\"wp-block-image\"><img loading=\"lazy\" decoding=\"async\" width=\"230\" height=\"173\" src=\"https:\/\/www.segelschule-wannsee.de\/wp-content\/uploads\/2021\/11\/segeln_4-1.jpg\" alt=\"\" class=\"wp-image-870\"\/><\/figure>\n<\/div>\n\n\n\n<div class=\"wp-block-column is-layout-flow wp-block-column-is-layout-flow\" style=\"flex-basis:76%\">\n<blockquote class=\"wp-block-quote is-layout-flow wp-block-quote-is-layout-flow\">\n<h2 class=\"wp-block-heading\"><strong><a href=\"https:\/\/www.segelschule-wannsee.de\/?p=2183\">Segelkurs in den Osterferien beginn am Freitag, den 27. M\u00e4rz um 18 Uhr<\/a><\/strong><\/h2>\n<cite><a href=\"https:\/\/www.segelschule-wannsee.de\/?p=3703\"><strong>Anmeldung hier<\/strong><\/a><\/cite><\/blockquote>\n<\/div>\n<\/div>\n\n\n\n<div class=\"wp-block-group\"><div class=\"wp-block-group__inner-container is-layout-flow wp-block-group-is-layout-flow\">\n<figure class=\"wp-block-table is-style-stripes\"><table><thead><tr><th>Kurs<\/th><th><\/th><th>Amtl.<\/th><th>Sportbootf\u00fchrerschein Binnen &#8211; Segeln &#8211;<\/th><th class=\"has-text-align-left\" data-align=\"left\">Preis<\/th><\/tr><\/thead><tbody><tr><td><\/td><td>S1<\/td><td><\/td><td><strong>Segelkurs <\/strong>&#8211; mit Vorkenntnisse &nbsp;<br><em><em>Theorieunterricht \/ <\/em><\/em><br><em><em>5 x 3 Stunden praktischer Segelunterricht plus Pr\u00fcfungsfahrt<\/em><\/em><\/td><td class=\"has-text-align-left\" data-align=\"left\">395,-\u20ac<\/td><\/tr><tr><td><\/td><td>&nbsp;<\/td><td><\/td><td><\/td><td class=\"has-text-align-left\" data-align=\"left\">&nbsp;<\/td><\/tr><tr><td><\/td><td>S2<\/td><td><\/td><td><strong>Segelkurs <\/strong>&#8211; Anf\u00e4nger<br><em><em>Theorieunterricht \/ <\/em><\/em><br><em><em>10 x 3 Stunden praktischer Segelunterricht plus Pr\u00fcfungsfahrt<\/em><\/em> <\/td><td class=\"has-text-align-left\" data-align=\"left\">515,-\u20ac<\/td><\/tr><tr><td><\/td><td>&nbsp;<\/td><td><\/td><td><\/td><td class=\"has-text-align-left\" data-align=\"left\">&nbsp;<\/td><\/tr><tr><td><\/td><td>S3<\/td><td><\/td><td><strong>Segelkurs<\/strong><em> <\/em>9  &#8211; nur Praxis<br><em>3 x<em> 3 Stunden praktischer Segelunterricht <\/em><\/em> <strong> <\/strong> <\/td><td class=\"has-text-align-left\" data-align=\"left\">200,-\u20ac<\/td><\/tr><tr><td><\/td><td>&nbsp;<\/td><td><\/td><td><\/td><td class=\"has-text-align-left\" data-align=\"left\">&nbsp;<\/td><\/tr><tr><td><\/td><td>S4<\/td><td><\/td><td><strong>Segelkurs<em> <\/em>15 <\/strong> &#8211; nur Praxis<br>5<em> x<em> 3 Stunden praktischer Segelunterricht <\/em><\/em> <\/td><td class=\"has-text-align-left\" data-align=\"left\">295,-\u20ac<\/td><\/tr><tr><td><\/td><td>&nbsp;<\/td><td><\/td><td><\/td><td class=\"has-text-align-left\" data-align=\"left\">&nbsp;<\/td><\/tr><tr><td><\/td><td>S5<\/td><td><\/td><td><strong>Segelkurs<em> <\/em>30 <\/strong> &#8211; nur Praxis<br><em>10 x<em> 3 Stunden praktischer Segelunterricht <\/em><\/em> <\/td><td class=\"has-text-align-left\" data-align=\"left\">445,-\u20ac<\/td><\/tr><tr><td><\/td><td>&nbsp;<\/td><td><\/td><td><\/td><td class=\"has-text-align-left\" data-align=\"left\">&nbsp;<\/td><\/tr><tr><td><\/td><td>S6<\/td><td><\/td><td><strong>Segel Ferienkurs <\/strong>&nbsp; &nbsp; &nbsp; <br><em><em>Theorieunterricht \/ 6 x 3 Stunden praktischer Segelunterricht plus Pr\u00fcfungsfahrt<\/em><\/em> <\/td><td class=\"has-text-align-left\" data-align=\"left\">385,-\u20ac<br><\/td><\/tr><tr><td><\/td><td><\/td><td><\/td><td><\/td><td class=\"has-text-align-left\" data-align=\"left\">&nbsp;<\/td><\/tr><tr><td><\/td><td>S7<\/td><td><\/td><td><strong>Motorboot Erg\u00e4nzungskurs &#8211; <\/strong>zu den Segelkursen<br>1<em> x 2,5 Stunden Theorie und <em>2 praktische Motorbooteinheiten inkl. Pr\u00fcfungsfahrt<\/em> &nbsp;<\/em> <\/td><td class=\"has-text-align-left\" data-align=\"left\">185.-\u20ac<\/td><\/tr><tr><td><\/td><td><\/td><td><\/td><td><br><\/td><td class=\"has-text-align-left\" data-align=\"left\"><\/td><\/tr><tr><td><\/td><td>S8<\/td><td><\/td><td><strong>Segelschnupperkurs<\/strong><br>1<em><em> x 2,5 Stunden Theorieunterricht \/ 3 x 3 Stunden praktischer Segelunterricht<\/em><\/em> <\/td><td class=\"has-text-align-left\" data-align=\"left\">185.-\u20ac<\/td><\/tr><tr><td><\/td><td><\/td><td><\/td><td><br><\/td><td class=\"has-text-align-left\" data-align=\"left\"><\/td><\/tr><tr><td><\/td><td>S9<\/td><td><\/td><td><strong>Sportbootf\u00fchrerschein Binnen &amp; See  Segeln\/Motorboot  <\/strong>mit Segeln &nbsp; &nbsp; <br><em>kompletter Theorieunterricht \/ 5 x 3 Stunden praktische Segelausbildung \/ zwei praktische Fahreinheiten Motorboot plus Pr\u00fcfungsfahrt                          (identisch mit Kurs M5)<\/em>  <\/td><td class=\"has-text-align-left\" data-align=\"left\">695.-\u20ac<\/td><\/tr><\/tbody><\/table><\/figure>\n<\/div><\/div>\n\n\n\n<p><\/p>\n\n\n\n<p>Der theoretische Ausbildung beinhaltet insgesamt 5 Kursabende. Wir bieten Theoriekurse an die entweder einmal pro Woche -immer am gleichen Wochentag- stattfinden oder an einen Wochenende durchgef\u00fchrt werden. Der Theorieunterricht findet in Berlin-Wilmersdorf nahe U-Bahnhof Heidelberger Platz statt.<\/p>\n\n\n\n<p>Wollen Sie den Motorteil zum Segelteil erg\u00e4nzen kommt ein Kursabend hinzu.<\/p>\n\n\n\n<p>Im Unterricht m\u00fcssen Sie nicht mitschreiben, da Sie bei jedem Kursabend ein Kursprotokoll erhalten, das den gesamten behandelten Unterrichtsstoff mit den jeweiligen Pr\u00fcfungsfragen zu diesem Thema enth\u00e4lt.<\/p>\n\n\n\n<p>Die Pr\u00fcfungsgb\u00fchr ist im Kurspreis nicht enthalten<\/p>\n\n\n\n<p style=\"font-size:-1px\"><strong>Pr\u00fcfungsablauf<\/strong><\/p>\n\n\n\n<p style=\"font-size:-1px\">Die Pr\u00fcfung besteht aus einem theoretischen und einem praktischen Teil. Pr\u00fcfungsvoraussetzung ist das vollendete 14. Lebensjahr sowie dar\u00fcber hinaus ein H\u00f6r- und Sehtest.  Die theoretische Pr\u00fcfung umfasst eine 35-min\u00fctige schriftliche Pr\u00fcfung, in der 25 Fragen beantwortet werden m\u00fcssen. In der praktischen Pr\u00fcfung m\u00fcssen Sie mit einem Boot die entsprechenden Segelman\u00f6ver vorfahren und eine Knotenpr\u00fcfung ablegen. Der amtliche Sportbootf\u00fchrerschein Binnen wird in drei Kategorien eingeteilt: Segeln, <a href=\"https:\/\/www.segelschule-wannsee.de\/?page_id=135\">Motorboot<\/a>.  <\/p>\n\n\n\n<h2 class=\"wp-block-heading\" id=\"inhalte-der-theorieausbildung\">Inhalte der <em>Theorieausbildung<\/em>:<\/h2>\n\n\n\n<h3 class=\"wp-block-heading\" id=\"segeltheorie\">Segeltheorie<\/h3>\n\n\n\n<p>Stabilit\u00e4t, Vortrieb, scheinbarer und wahrer Wind, Luv- und Leegierigkeit, Lateraldruckpunkt, Man\u00f6ver unter Segeln: An- und Ablegen, Kreuzen, Wenden, Halsen u.v.m. Form- und Gewichtsstabilit\u00e4t, Takelage, stehendes und laufendes Gut.<\/p>\n\n\n\n<h3 class=\"wp-block-heading\" id=\"gesetzesteil\">Gesetzesteil<\/h3>\n\n\n\n<p>Binnenschifffahrtsstra\u00dfenordnung, Sportbootf\u00fchrerscheinverordnung, Pr\u00fcfungsanmeldung, Ausweichregeln, Lichterf\u00fchrung, Rechte und Pflichten als Schiffsf\u00fchrer, Kennzeichnung u.v.m.<\/p>\n\n\n\n<h3 class=\"wp-block-heading\" id=\"seemannschaft\">Seemannschaft<\/h3>\n\n\n\n<p>Sicherheitseinrichtungen, Rettungswesten, Schleusen, Schleppen, Ankern, Festmachen, Kentern, Wetterkunde, schlechtes Wetter, Verhalten bei Notlagen, Brandschutz.<\/p>\n\n\n\n<h2 class=\"wp-block-heading\" id=\"inhalte-der-praxisausbildung\">Inhalte der <em>Praxisausbildung<\/em>:<\/h2>\n\n\n\n<p>Knotenkunde, Boot klarmachen, An- und Ablegen, Anluven und Abfallen, Wenden, Halsen, Kreuzen, Q-Wende, Aufschie\u00dfer, Schifften, Boje \u00fcber Bord, Segel- und Bootstrimm, Reffen, Kurse zum Wind.<\/p>\n\n\n\n<div class=\"wp-block-buttons is-layout-flex wp-block-buttons-is-layout-flex\"><\/div>\n\n\n\n<p><\/p>\n","protected":false},"excerpt":{"rendered":"<p>In der 1. Lerneinheit erkl\u00e4ren wir Ihnen unsere Boote (Boote klarmachen, das Segel setzen und bergen) und Sie gehen mit dem Segellehrer aufs Wasser und werden die ersten &#8222;Segelschritte&#8220; \u00fcben. Die seem\u00e4nnischen Knoten werden wir mit Ihnen \u00fcben. Unsere Ausbildung findet nicht vom Motorboot aus mit dem Megaphon statt, sondern in jeder Segeleinheit kommt ein [&hellip;]<\/p>\n","protected":false},"author":1,"featured_media":0,"parent":130,"menu_order":0,"comment_status":"closed","ping_status":"closed","template":"","meta":{"footnotes":""},"class_list":["post-132","page","type-page","status-publish","hentry"],"_links":{"self":[{"href":"https:\/\/www.segelschule-wannsee.de\/index.php?rest_route=\/wp\/v2\/pages\/132","targetHints":{"allow":["GET"]}}],"collection":[{"href":"https:\/\/www.segelschule-wannsee.de\/index.php?rest_route=\/wp\/v2\/pages"}],"about":[{"href":"https:\/\/www.segelschule-wannsee.de\/index.php?rest_route=\/wp\/v2\/types\/page"}],"author":[{"embeddable":true,"href":"https:\/\/www.segelschule-wannsee.de\/index.php?rest_route=\/wp\/v2\/users\/1"}],"replies":[{"embeddable":true,"href":"https:\/\/www.segelschule-wannsee.de\/index.php?rest_route=%2Fwp%2Fv2%2Fcomments&post=132"}],"version-history":[{"count":0,"href":"https:\/\/www.segelschule-wannsee.de\/index.php?rest_route=\/wp\/v2\/pages\/132\/revisions"}],"up":[{"embeddable":true,"href":"https:\/\/www.segelschule-wannsee.de\/index.php?rest_route=\/wp\/v2\/pages\/130"}],"wp:attachment":[{"href":"https:\/\/www.segelschule-wannsee.de\/index.php?rest_route=%2Fwp%2Fv2%2Fmedia&parent=132"}],"curies":[{"name":"wp","href":"https:\/\/api.w.org\/{rel}","templated":true}]}}