{"id":130,"date":"2021-10-23T14:46:56","date_gmt":"2021-10-23T14:46:56","guid":{"rendered":"https:\/\/www.segelschule-wannsee.de\/?page_id=130"},"modified":"2025-01-02T22:41:03","modified_gmt":"2025-01-02T22:41:03","slug":"kurse","status":"publish","type":"page","link":"https:\/\/www.segelschule-wannsee.de\/?page_id=130","title":{"rendered":"Kurse"},"content":{"rendered":"<div data-colibri-id=\"130-c1\" class=\"style-380 style-local-130-c1 position-relative\">\n  <!---->\n  <div data-colibri-component=\"section\" data-colibri-id=\"130-c2\" id=\"initial-content\" class=\"h-section h-section-global-spacing d-flex align-items-lg-start align-items-md-start align-items-start style-381 style-local-130-c2 position-relative\">\n    <!---->\n    <!---->\n    <div style=\"height: 100px; bottom: calc(0px);\" class=\"h-separator\">\n      <svg style=\"fill:rgb(3, 169, 244);\" xmlns=\"http:\/\/www.w3.org\/2000\/svg\" viewBox=\"0 0 1000 100\" preserveAspectRatio=\"none\">\n        <path class=\"svg-white-bg\" d=\"M737.9,94.7L0,0v100h1000V0L737.9,94.7z\"><\/path>\n      <\/svg>\n    <\/div>\n    <div class=\"h-section-grid-container h-section-boxed-container\">\n      <!---->\n      <div data-colibri-id=\"130-c3\" class=\"h-row-container gutters-row-lg-3 gutters-row-md-3 gutters-row-0 gutters-row-v-lg-3 gutters-row-v-md-3 gutters-row-v-3 style-382 style-local-130-c3 position-relative\">\n        <!---->\n        <div class=\"h-row justify-content-lg-center justify-content-md-center justify-content-center align-items-lg-stretch align-items-md-stretch align-items-stretch gutters-col-lg-3 gutters-col-md-3 gutters-col-0 gutters-col-v-lg-3 gutters-col-v-md-3 gutters-col-v-3\">\n          <!---->\n          <div class=\"h-column h-column-container d-flex h-col-lg-auto h-col-md-auto h-col-auto style-383-outer style-local-130-c4-outer\">\n            <div data-colibri-id=\"130-c4\" class=\"d-flex h-flex-basis h-column__inner h-px-lg-3 h-px-md-3 h-px-3 v-inner-lg-3 v-inner-md-3 v-inner-3 style-383 style-local-130-c4 position-relative\">\n              <!---->\n              <!---->\n              <div class=\"w-100 h-y-container h-column__content h-column__v-align flex-basis-100 align-self-lg-start align-self-md-start align-self-start\">\n                <!---->\n                <div data-colibri-id=\"130-c5\" class=\"style-384 style-local-130-c5 position-relative h-element\">\n                  <!---->\n                  <div>\n                    \n\n                    \n                    <h1 class=\"wp-block-heading\">Kurs\u00fcbersicht<\/h1>\n                    \n\n                    \n                    <ul class=\"wp-block-list\">\n                      <li>Bitte klicken Sie auf einen der folgenden links, um weitere Detailinformationen zu den jeweiligen Kursen zu erhalten.<\/li>\n                    <\/ul>\n                    \n\n                    \n                    <div class=\"wp-block-buttons is-layout-flex wp-block-buttons-is-layout-flex\">\n                      \n                      <div class=\"wp-block-button\">\n                        <a class=\"wp-block-button__link\" href=\"https:\/\/www.segelschule-wannsee.de\/?page_id=132\">Segelkurs<\/a>\n                      <\/div>\n                      \n                    <\/div>\n                    \n\n                    \n                    <div class=\"wp-block-buttons is-layout-flex wp-block-buttons-is-layout-flex\">\n                      \n                      <div class=\"wp-block-button\">\n                        <a class=\"wp-block-button__link\" href=\"https:\/\/www.segelschule-wannsee.de\/?page_id=135\">Motorbootkurs-Binnen<\/a>\n                      <\/div>\n                      \n                    <\/div>\n                    \n\n                    \n                    <div class=\"wp-block-buttons is-layout-flex wp-block-buttons-is-layout-flex\">\n                      \n                      <div class=\"wp-block-button\">\n                        <a class=\"wp-block-button__link\" href=\"https:\/\/www.segelschule-wannsee.de\/?page_id=137\">Motorbootkurs-See<\/a>\n                      <\/div>\n                      \n                    <\/div>\n                    \n\n                    \n                    <div class=\"wp-block-buttons is-layout-flex wp-block-buttons-is-layout-flex\">\n                      \n                      <div class=\"wp-block-button\">\n                        <a class=\"wp-block-button__link\" href=\"https:\/\/www.segelschule-wannsee.de\/?page_id=337\">Sportk\u00fcstenschifferschein<\/a>\n                      <\/div>\n                      \n                    <\/div>\n                    \n\n                    \n                    <div class=\"wp-block-buttons is-layout-flex wp-block-buttons-is-layout-flex\">\n                      \n                      <div class=\"wp-block-button\">\n                        <a class=\"wp-block-button__link\" href=\"https:\/\/www.segelschule-wannsee.de\/?page_id=340\">Kinder- und Jugendsegelkurse<\/a>\n                      <\/div>\n                      \n                    <\/div>\n                    \n\n                    \n                    <div class=\"wp-block-buttons is-layout-flex wp-block-buttons-is-layout-flex\">\n                      \n                      <div class=\"wp-block-button\">\n                        <a class=\"wp-block-button__link\" href=\"https:\/\/www.segelschule-wannsee.de\/?page_id=331\">Funkkurse<\/a>\n                      <\/div>\n                      \n                    <\/div>\n                    \n\n                    \n                    <div class=\"wp-block-buttons is-layout-flex wp-block-buttons-is-layout-flex\">\n                      \n                    <\/div>\n                    \n\n                    \n                    <p><strong>Anmerkung:<\/strong> <\/p>\n                    \n\n                    \n                    <ul class=\"wp-block-list\">\n                      <li>W\u00f6chentlich findet 1 Mal die Woche Theorieunterricht am Aband statt (Abendkurs). <\/li>\n                    <\/ul>\n                    \n\n                    \n                    <ul class=\"wp-block-list\">\n                      <li>Intensivkurse laufen von Freitag bis Sonntag statt.<\/li>\n                    <\/ul>\n                    \n\n                    \n                    <ul class=\"wp-block-list\">\n                      <li>Winterkurse laufen bis ins n\u00e4chste Jahr. Weihnachten und Neujahr bleibt die Segelschule drei Wochen geschlossen.<\/li>\n                    <\/ul>\n                    \n\n                    \n                    <ul class=\"wp-block-list\">\n                      <li>Die Segelschule Wannsee bem\u00fcht sich, die Wochenkurse jeweils am gleichen Wochentag durchzuf\u00fchren. Einige Kurse finden jedoch mehrmals pro Woche statt. Aus pr\u00fcfungstechnischen Gr\u00fcnden kann es auch zu Verschiebungen auf einen anderen\n                        Wochentag kommen.<\/li>\n                    <\/ul>\n                    \n\n                    \n                    <ul class=\"wp-block-list\">\n                      <li>Ferienkurse laufen \u00fcber 7 bis 14 Tagen in den Ferien.<\/li>\n                    <\/ul>\n                    \n\n                    \n                    <ul class=\"wp-block-list\">\n                      <li>Privatkurse k\u00f6nnen wir mit Ihnen Individuell vereinbaren.<\/li>\n                    <\/ul>\n                    \n                  <\/div>\n                <\/div>\n              <\/div>\n            <\/div>\n          <\/div>\n        <\/div>\n      <\/div>\n    <\/div>\n  <\/div>\n<\/div>","protected":false},"excerpt":{"rendered":"<p>Kurs\u00fcbersicht Bitte klicken Sie auf einen der folgenden links, um weitere Detailinformationen zu den jeweiligen Kursen zu erhalten. Anmerkung: W\u00f6chentlich findet 1 Mal die Woche Theorieunterricht am Aband statt (Abendkurs). Intensivkurse laufen von Freitag bis Sonntag statt. Winterkurse laufen bis ins n\u00e4chste Jahr. Weihnachten und Neujahr bleibt die Segelschule drei Wochen geschlossen. Die Segelschule Wannsee [&hellip;]<\/p>\n","protected":false},"author":1,"featured_media":0,"parent":0,"menu_order":2,"comment_status":"closed","ping_status":"closed","template":"page-templates\/full-width-page.php","meta":{"footnotes":""},"class_list":["post-130","page","type-page","status-publish","hentry"],"_links":{"self":[{"href":"https:\/\/www.segelschule-wannsee.de\/index.php?rest_route=\/wp\/v2\/pages\/130","targetHints":{"allow":["GET"]}}],"collection":[{"href":"https:\/\/www.segelschule-wannsee.de\/index.php?rest_route=\/wp\/v2\/pages"}],"about":[{"href":"https:\/\/www.segelschule-wannsee.de\/index.php?rest_route=\/wp\/v2\/types\/page"}],"author":[{"embeddable":true,"href":"https:\/\/www.segelschule-wannsee.de\/index.php?rest_route=\/wp\/v2\/users\/1"}],"replies":[{"embeddable":true,"href":"https:\/\/www.segelschule-wannsee.de\/index.php?rest_route=%2Fwp%2Fv2%2Fcomments&post=130"}],"version-history":[{"count":20,"href":"https:\/\/www.segelschule-wannsee.de\/index.php?rest_route=\/wp\/v2\/pages\/130\/revisions"}],"predecessor-version":[{"id":3657,"href":"https:\/\/www.segelschule-wannsee.de\/index.php?rest_route=\/wp\/v2\/pages\/130\/revisions\/3657"}],"wp:attachment":[{"href":"https:\/\/www.segelschule-wannsee.de\/index.php?rest_route=%2Fwp%2Fv2%2Fmedia&parent=130"}],"curies":[{"name":"wp","href":"https:\/\/api.w.org\/{rel}","templated":true}]}}